{"id":102,"date":"2024-05-24T02:06:41","date_gmt":"2024-05-24T00:06:41","guid":{"rendered":"https:\/\/titoun-agency.com\/?page_id=102"},"modified":"2025-12-06T21:01:47","modified_gmt":"2025-12-06T20:01:47","slug":"mode-shopping","status":"publish","type":"page","link":"https:\/\/titoun-agency.com\/?page_id=102","title":{"rendered":"Mode &#8211; Shopping"},"content":{"rendered":"\t\t<div data-elementor-type=\"wp-page\" data-elementor-id=\"102\" class=\"elementor elementor-102\">\n\t\t\t\t<div class=\"elementor-element elementor-element-48ebafa e-flex e-con-boxed e-con e-parent\" data-id=\"48ebafa\" data-element_type=\"container\">\n\t\t\t\t\t<div class=\"e-con-inner\">\n\t\t\t\t<div class=\"elementor-element elementor-element-bd771bc elementor-widget elementor-widget-heading\" data-id=\"bd771bc\" data-element_type=\"widget\" data-widget_type=\"heading.default\">\n\t\t\t\t<div class=\"elementor-widget-container\">\n\t\t\t\t\t<h2 class=\"elementor-heading-title elementor-size-default\">Shopping - Mode <\/h2>\t\t\t\t<\/div>\n\t\t\t\t<\/div>\n\t\t\t\t\t<\/div>\n\t\t\t\t<\/div>\n\t\t<div class=\"elementor-element elementor-element-a220629 e-flex e-con-boxed e-con e-parent\" data-id=\"a220629\" data-element_type=\"container\">\n\t\t\t\t\t<div class=\"e-con-inner\">\n\t\t<div class=\"elementor-element elementor-element-a157033 e-con-full e-flex e-con e-child\" data-id=\"a157033\" data-element_type=\"container\" data-settings=\"{&quot;background_background&quot;:&quot;classic&quot;}\">\n\t\t\t\t<div class=\"elementor-element elementor-element-6abd99d elementor-widget elementor-widget-image\" data-id=\"6abd99d\" data-element_type=\"widget\" data-widget_type=\"image.default\">\n\t\t\t\t<div class=\"elementor-widget-container\">\n\t\t\t\t\t\t\t\t\t\t\t\t\t\t\t<img fetchpriority=\"high\" decoding=\"async\" width=\"1024\" height=\"683\" src=\"https:\/\/titoun-agency.com\/wp-content\/uploads\/2024\/05\/Nouvel_espace_Rolex_Galeries_Lafayette_Paris_Haussmann-6-1024x683.jpg\" class=\"attachment-large size-large wp-image-170\" alt=\"\" srcset=\"https:\/\/titoun-agency.com\/wp-content\/uploads\/2024\/05\/Nouvel_espace_Rolex_Galeries_Lafayette_Paris_Haussmann-6-1024x683.jpg 1024w, https:\/\/titoun-agency.com\/wp-content\/uploads\/2024\/05\/Nouvel_espace_Rolex_Galeries_Lafayette_Paris_Haussmann-6-300x200.jpg 300w, https:\/\/titoun-agency.com\/wp-content\/uploads\/2024\/05\/Nouvel_espace_Rolex_Galeries_Lafayette_Paris_Haussmann-6-768x512.jpg 768w, https:\/\/titoun-agency.com\/wp-content\/uploads\/2024\/05\/Nouvel_espace_Rolex_Galeries_Lafayette_Paris_Haussmann-6-1536x1024.jpg 1536w, https:\/\/titoun-agency.com\/wp-content\/uploads\/2024\/05\/Nouvel_espace_Rolex_Galeries_Lafayette_Paris_Haussmann-6-2048x1365.jpg 2048w\" sizes=\"(max-width: 1024px) 100vw, 1024px\" \/>\t\t\t\t\t\t\t\t\t\t\t\t\t\t\t<\/div>\n\t\t\t\t<\/div>\n\t\t\t\t<\/div>\n\t\t<div class=\"elementor-element elementor-element-aecdedb e-con-full e-flex e-con e-child\" data-id=\"aecdedb\" data-element_type=\"container\">\n\t\t\t\t<div class=\"elementor-element elementor-element-8ce637d elementor-widget elementor-widget-text-editor\" data-id=\"8ce637d\" data-element_type=\"widget\" data-widget_type=\"text-editor.default\">\n\t\t\t\t<div class=\"elementor-widget-container\">\n\t\t\t\t\t\t\t\t\t<p><span style=\"color: #13343b; font-family: __fkGroteskNeue_598ab8, __fkGroteskNeue_Fallback_598ab8, ui-sans-serif, system-ui, -apple-system, 'system-ui', 'Segoe UI', Roboto, 'Helvetica Neue', Arial, 'Noto Sans', sans-serif, 'Apple Color Emoji', 'Segoe UI Emoji', 'Segoe UI Symbol', 'Noto Color Emoji'; font-size: 16px; font-style: normal; font-variant-ligatures: normal; font-variant-caps: normal; font-weight: 400; background-color: #fcfcf9;\">Notre conciergerie se sp\u00e9cialise dans la qu\u00eate des pi\u00e8ces les plus rares et convoit\u00e9es des grands cr\u00e9ateurs de luxe. Que vous recherchiez une robe de soir\u00e9e unique, un sac iconique en \u00e9dition limit\u00e9e ou des bijoux d&rsquo;exception, notre r\u00e9seau d&rsquo;experts d\u00e9niche pour vous ces tr\u00e9sors inaccessibles. Nous transformons vos d\u00e9sirs en r\u00e9alit\u00e9, vous offrant un acc\u00e8s privil\u00e9gi\u00e9 aux cr\u00e9ations les plus prestigieuses des maisons de luxe<\/span><\/p>\t\t\t\t\t\t\t\t<\/div>\n\t\t\t\t<\/div>\n\t\t\t\t<\/div>\n\t\t\t\t\t<\/div>\n\t\t\t\t<\/div>\n\t\t\t\t<\/div>\n\t\t","protected":false},"excerpt":{"rendered":"<p>Shopping &#8211; Mode Notre conciergerie se sp\u00e9cialise dans la qu\u00eate des pi\u00e8ces les plus rares et convoit\u00e9es des grands cr\u00e9ateurs de luxe. Que vous recherchiez une robe de soir\u00e9e unique, un sac iconique en \u00e9dition limit\u00e9e ou des bijoux d&rsquo;exception, notre r\u00e9seau d&rsquo;experts d\u00e9niche pour vous ces tr\u00e9sors inaccessibles. Nous transformons vos d\u00e9sirs en r\u00e9alit\u00e9, [&hellip;]<\/p>\n","protected":false},"author":1,"featured_media":0,"parent":0,"menu_order":0,"comment_status":"closed","ping_status":"closed","template":"","meta":{"ocean_post_layout":"","ocean_both_sidebars_style":"","ocean_both_sidebars_content_width":0,"ocean_both_sidebars_sidebars_width":0,"ocean_sidebar":"","ocean_second_sidebar":"","ocean_disable_margins":"enable","ocean_add_body_class":"","ocean_shortcode_before_top_bar":"","ocean_shortcode_after_top_bar":"","ocean_shortcode_before_header":"","ocean_shortcode_after_header":"","ocean_has_shortcode":"","ocean_shortcode_after_title":"","ocean_shortcode_before_footer_widgets":"","ocean_shortcode_after_footer_widgets":"","ocean_shortcode_before_footer_bottom":"","ocean_shortcode_after_footer_bottom":"","ocean_display_top_bar":"default","ocean_display_header":"default","ocean_header_style":"","ocean_center_header_left_menu":"","ocean_custom_header_template":"","ocean_custom_logo":0,"ocean_custom_retina_logo":0,"ocean_custom_logo_max_width":0,"ocean_custom_logo_tablet_max_width":0,"ocean_custom_logo_mobile_max_width":0,"ocean_custom_logo_max_height":0,"ocean_custom_logo_tablet_max_height":0,"ocean_custom_logo_mobile_max_height":0,"ocean_header_custom_menu":"","ocean_menu_typo_font_family":"","ocean_menu_typo_font_subset":"","ocean_menu_typo_font_size":0,"ocean_menu_typo_font_size_tablet":0,"ocean_menu_typo_font_size_mobile":0,"ocean_menu_typo_font_size_unit":"px","ocean_menu_typo_font_weight":"","ocean_menu_typo_font_weight_tablet":"","ocean_menu_typo_font_weight_mobile":"","ocean_menu_typo_transform":"","ocean_menu_typo_transform_tablet":"","ocean_menu_typo_transform_mobile":"","ocean_menu_typo_line_height":0,"ocean_menu_typo_line_height_tablet":0,"ocean_menu_typo_line_height_mobile":0,"ocean_menu_typo_line_height_unit":"","ocean_menu_typo_spacing":0,"ocean_menu_typo_spacing_tablet":0,"ocean_menu_typo_spacing_mobile":0,"ocean_menu_typo_spacing_unit":"","ocean_menu_link_color":"","ocean_menu_link_color_hover":"","ocean_menu_link_color_active":"","ocean_menu_link_background":"","ocean_menu_link_hover_background":"","ocean_menu_link_active_background":"","ocean_menu_social_links_bg":"","ocean_menu_social_hover_links_bg":"","ocean_menu_social_links_color":"","ocean_menu_social_hover_links_color":"","ocean_disable_title":"default","ocean_disable_heading":"default","ocean_post_title":"","ocean_post_subheading":"","ocean_post_title_style":"","ocean_post_title_background_color":"","ocean_post_title_background":0,"ocean_post_title_bg_image_position":"","ocean_post_title_bg_image_attachment":"","ocean_post_title_bg_image_repeat":"","ocean_post_title_bg_image_size":"","ocean_post_title_height":0,"ocean_post_title_bg_overlay":0.5,"ocean_post_title_bg_overlay_color":"","ocean_disable_breadcrumbs":"default","ocean_breadcrumbs_color":"","ocean_breadcrumbs_separator_color":"","ocean_breadcrumbs_links_color":"","ocean_breadcrumbs_links_hover_color":"","ocean_display_footer_widgets":"default","ocean_display_footer_bottom":"default","ocean_custom_footer_template":"","footnotes":""},"class_list":["post-102","page","type-page","status-publish","hentry","entry"],"yoast_head":"<!-- This site is optimized with the Yoast SEO plugin v22.7 - https:\/\/yoast.com\/wordpress\/plugins\/seo\/ -->\n<title>Mode - Shopping - TITOUN AGENCY<\/title>\n<meta name=\"robots\" content=\"index, follow, max-snippet:-1, max-image-preview:large, max-video-preview:-1\" \/>\n<link rel=\"canonical\" href=\"https:\/\/titoun-agency.com\/?page_id=102\" \/>\n<meta property=\"og:locale\" content=\"fr_FR\" \/>\n<meta property=\"og:type\" content=\"article\" \/>\n<meta property=\"og:title\" content=\"Mode - Shopping - TITOUN AGENCY\" \/>\n<meta property=\"og:description\" content=\"Shopping &#8211; Mode Notre conciergerie se sp\u00e9cialise dans la qu\u00eate des pi\u00e8ces les plus rares et convoit\u00e9es des grands cr\u00e9ateurs de luxe. Que vous recherchiez une robe de soir\u00e9e unique, un sac iconique en \u00e9dition limit\u00e9e ou des bijoux d&rsquo;exception, notre r\u00e9seau d&rsquo;experts d\u00e9niche pour vous ces tr\u00e9sors inaccessibles. Nous transformons vos d\u00e9sirs en r\u00e9alit\u00e9, [&hellip;]\" \/>\n<meta property=\"og:url\" content=\"https:\/\/titoun-agency.com\/?page_id=102\" \/>\n<meta property=\"og:site_name\" content=\"TITOUN AGENCY\" \/>\n<meta property=\"article:modified_time\" content=\"2025-12-06T20:01:47+00:00\" \/>\n<meta property=\"og:image\" content=\"https:\/\/titoun-agency.com\/wp-content\/uploads\/2024\/05\/Nouvel_espace_Rolex_Galeries_Lafayette_Paris_Haussmann-6-1024x683.jpg\" \/>\n<meta name=\"twitter:card\" content=\"summary_large_image\" \/>\n<meta name=\"twitter:label1\" content=\"Dur\u00e9e de lecture estim\u00e9e\" \/>\n\t<meta name=\"twitter:data1\" content=\"1 minute\" \/>\n<script type=\"application\/ld+json\" class=\"yoast-schema-graph\">{\"@context\":\"https:\/\/schema.org\",\"@graph\":[{\"@type\":\"WebPage\",\"@id\":\"https:\/\/titoun-agency.com\/?page_id=102\",\"url\":\"https:\/\/titoun-agency.com\/?page_id=102\",\"name\":\"Mode - Shopping - TITOUN AGENCY\",\"isPartOf\":{\"@id\":\"https:\/\/titoun-agency.com\/#website\"},\"primaryImageOfPage\":{\"@id\":\"https:\/\/titoun-agency.com\/?page_id=102#primaryimage\"},\"image\":{\"@id\":\"https:\/\/titoun-agency.com\/?page_id=102#primaryimage\"},\"thumbnailUrl\":\"https:\/\/titoun-agency.com\/wp-content\/uploads\/2024\/05\/Nouvel_espace_Rolex_Galeries_Lafayette_Paris_Haussmann-6-1024x683.jpg\",\"datePublished\":\"2024-05-24T00:06:41+00:00\",\"dateModified\":\"2025-12-06T20:01:47+00:00\",\"breadcrumb\":{\"@id\":\"https:\/\/titoun-agency.com\/?page_id=102#breadcrumb\"},\"inLanguage\":\"fr-FR\",\"potentialAction\":[{\"@type\":\"ReadAction\",\"target\":[\"https:\/\/titoun-agency.com\/?page_id=102\"]}]},{\"@type\":\"ImageObject\",\"inLanguage\":\"fr-FR\",\"@id\":\"https:\/\/titoun-agency.com\/?page_id=102#primaryimage\",\"url\":\"https:\/\/titoun-agency.com\/wp-content\/uploads\/2024\/05\/Nouvel_espace_Rolex_Galeries_Lafayette_Paris_Haussmann-6-scaled.jpg\",\"contentUrl\":\"https:\/\/titoun-agency.com\/wp-content\/uploads\/2024\/05\/Nouvel_espace_Rolex_Galeries_Lafayette_Paris_Haussmann-6-scaled.jpg\",\"width\":2560,\"height\":1707},{\"@type\":\"BreadcrumbList\",\"@id\":\"https:\/\/titoun-agency.com\/?page_id=102#breadcrumb\",\"itemListElement\":[{\"@type\":\"ListItem\",\"position\":1,\"name\":\"Accueil\",\"item\":\"https:\/\/titoun-agency.com\/\"},{\"@type\":\"ListItem\",\"position\":2,\"name\":\"Mode &#8211; Shopping\"}]},{\"@type\":\"WebSite\",\"@id\":\"https:\/\/titoun-agency.com\/#website\",\"url\":\"https:\/\/titoun-agency.com\/\",\"name\":\"TITOUN AGENCY\",\"description\":\"\",\"publisher\":{\"@id\":\"https:\/\/titoun-agency.com\/#organization\"},\"potentialAction\":[{\"@type\":\"SearchAction\",\"target\":{\"@type\":\"EntryPoint\",\"urlTemplate\":\"https:\/\/titoun-agency.com\/?s={search_term_string}\"},\"query-input\":\"required name=search_term_string\"}],\"inLanguage\":\"fr-FR\"},{\"@type\":\"Organization\",\"@id\":\"https:\/\/titoun-agency.com\/#organization\",\"name\":\"TITOUN AGENCY\",\"url\":\"https:\/\/titoun-agency.com\/\",\"logo\":{\"@type\":\"ImageObject\",\"inLanguage\":\"fr-FR\",\"@id\":\"https:\/\/titoun-agency.com\/#\/schema\/logo\/image\/\",\"url\":\"https:\/\/titoun-agency.com\/wp-content\/uploads\/2024\/07\/cropped-Titoun-logo_Plan-de-travail-1-copie-13-1.png\",\"contentUrl\":\"https:\/\/titoun-agency.com\/wp-content\/uploads\/2024\/07\/cropped-Titoun-logo_Plan-de-travail-1-copie-13-1.png\",\"width\":4500,\"height\":4500,\"caption\":\"TITOUN AGENCY\"},\"image\":{\"@id\":\"https:\/\/titoun-agency.com\/#\/schema\/logo\/image\/\"}}]}<\/script>\n<!-- \/ Yoast SEO plugin. -->","yoast_head_json":{"title":"Mode - Shopping - TITOUN AGENCY","robots":{"index":"index","follow":"follow","max-snippet":"max-snippet:-1","max-image-preview":"max-image-preview:large","max-video-preview":"max-video-preview:-1"},"canonical":"https:\/\/titoun-agency.com\/?page_id=102","og_locale":"fr_FR","og_type":"article","og_title":"Mode - Shopping - TITOUN AGENCY","og_description":"Shopping &#8211; Mode Notre conciergerie se sp\u00e9cialise dans la qu\u00eate des pi\u00e8ces les plus rares et convoit\u00e9es des grands cr\u00e9ateurs de luxe. Que vous recherchiez une robe de soir\u00e9e unique, un sac iconique en \u00e9dition limit\u00e9e ou des bijoux d&rsquo;exception, notre r\u00e9seau d&rsquo;experts d\u00e9niche pour vous ces tr\u00e9sors inaccessibles. Nous transformons vos d\u00e9sirs en r\u00e9alit\u00e9, [&hellip;]","og_url":"https:\/\/titoun-agency.com\/?page_id=102","og_site_name":"TITOUN AGENCY","article_modified_time":"2025-12-06T20:01:47+00:00","og_image":[{"url":"https:\/\/titoun-agency.com\/wp-content\/uploads\/2024\/05\/Nouvel_espace_Rolex_Galeries_Lafayette_Paris_Haussmann-6-1024x683.jpg"}],"twitter_card":"summary_large_image","twitter_misc":{"Dur\u00e9e de lecture estim\u00e9e":"1 minute"},"schema":{"@context":"https:\/\/schema.org","@graph":[{"@type":"WebPage","@id":"https:\/\/titoun-agency.com\/?page_id=102","url":"https:\/\/titoun-agency.com\/?page_id=102","name":"Mode - Shopping - TITOUN AGENCY","isPartOf":{"@id":"https:\/\/titoun-agency.com\/#website"},"primaryImageOfPage":{"@id":"https:\/\/titoun-agency.com\/?page_id=102#primaryimage"},"image":{"@id":"https:\/\/titoun-agency.com\/?page_id=102#primaryimage"},"thumbnailUrl":"https:\/\/titoun-agency.com\/wp-content\/uploads\/2024\/05\/Nouvel_espace_Rolex_Galeries_Lafayette_Paris_Haussmann-6-1024x683.jpg","datePublished":"2024-05-24T00:06:41+00:00","dateModified":"2025-12-06T20:01:47+00:00","breadcrumb":{"@id":"https:\/\/titoun-agency.com\/?page_id=102#breadcrumb"},"inLanguage":"fr-FR","potentialAction":[{"@type":"ReadAction","target":["https:\/\/titoun-agency.com\/?page_id=102"]}]},{"@type":"ImageObject","inLanguage":"fr-FR","@id":"https:\/\/titoun-agency.com\/?page_id=102#primaryimage","url":"https:\/\/titoun-agency.com\/wp-content\/uploads\/2024\/05\/Nouvel_espace_Rolex_Galeries_Lafayette_Paris_Haussmann-6-scaled.jpg","contentUrl":"https:\/\/titoun-agency.com\/wp-content\/uploads\/2024\/05\/Nouvel_espace_Rolex_Galeries_Lafayette_Paris_Haussmann-6-scaled.jpg","width":2560,"height":1707},{"@type":"BreadcrumbList","@id":"https:\/\/titoun-agency.com\/?page_id=102#breadcrumb","itemListElement":[{"@type":"ListItem","position":1,"name":"Accueil","item":"https:\/\/titoun-agency.com\/"},{"@type":"ListItem","position":2,"name":"Mode &#8211; Shopping"}]},{"@type":"WebSite","@id":"https:\/\/titoun-agency.com\/#website","url":"https:\/\/titoun-agency.com\/","name":"TITOUN AGENCY","description":"","publisher":{"@id":"https:\/\/titoun-agency.com\/#organization"},"potentialAction":[{"@type":"SearchAction","target":{"@type":"EntryPoint","urlTemplate":"https:\/\/titoun-agency.com\/?s={search_term_string}"},"query-input":"required name=search_term_string"}],"inLanguage":"fr-FR"},{"@type":"Organization","@id":"https:\/\/titoun-agency.com\/#organization","name":"TITOUN AGENCY","url":"https:\/\/titoun-agency.com\/","logo":{"@type":"ImageObject","inLanguage":"fr-FR","@id":"https:\/\/titoun-agency.com\/#\/schema\/logo\/image\/","url":"https:\/\/titoun-agency.com\/wp-content\/uploads\/2024\/07\/cropped-Titoun-logo_Plan-de-travail-1-copie-13-1.png","contentUrl":"https:\/\/titoun-agency.com\/wp-content\/uploads\/2024\/07\/cropped-Titoun-logo_Plan-de-travail-1-copie-13-1.png","width":4500,"height":4500,"caption":"TITOUN AGENCY"},"image":{"@id":"https:\/\/titoun-agency.com\/#\/schema\/logo\/image\/"}}]}},"_links":{"self":[{"href":"https:\/\/titoun-agency.com\/index.php?rest_route=\/wp\/v2\/pages\/102","targetHints":{"allow":["GET"]}}],"collection":[{"href":"https:\/\/titoun-agency.com\/index.php?rest_route=\/wp\/v2\/pages"}],"about":[{"href":"https:\/\/titoun-agency.com\/index.php?rest_route=\/wp\/v2\/types\/page"}],"author":[{"embeddable":true,"href":"https:\/\/titoun-agency.com\/index.php?rest_route=\/wp\/v2\/users\/1"}],"replies":[{"embeddable":true,"href":"https:\/\/titoun-agency.com\/index.php?rest_route=%2Fwp%2Fv2%2Fcomments&post=102"}],"version-history":[{"count":10,"href":"https:\/\/titoun-agency.com\/index.php?rest_route=\/wp\/v2\/pages\/102\/revisions"}],"predecessor-version":[{"id":291,"href":"https:\/\/titoun-agency.com\/index.php?rest_route=\/wp\/v2\/pages\/102\/revisions\/291"}],"wp:attachment":[{"href":"https:\/\/titoun-agency.com\/index.php?rest_route=%2Fwp%2Fv2%2Fmedia&parent=102"}],"curies":[{"name":"wp","href":"https:\/\/api.w.org\/{rel}","templated":true}]}}