{"id":103,"date":"2024-05-24T02:06:41","date_gmt":"2024-05-24T00:06:41","guid":{"rendered":"https:\/\/titoun-agency.com\/?page_id=103"},"modified":"2024-05-26T02:27:50","modified_gmt":"2024-05-26T00:27:50","slug":"evenements-sportifs","status":"publish","type":"page","link":"https:\/\/titoun-agency.com\/?page_id=103","title":{"rendered":"\u00c9v\u00e8nements sportifs-culturels"},"content":{"rendered":"\t\t<div data-elementor-type=\"wp-page\" data-elementor-id=\"103\" class=\"elementor elementor-103\">\n\t\t\t\t<div class=\"elementor-element elementor-element-a916c38 e-flex e-con-boxed e-con e-parent\" data-id=\"a916c38\" data-element_type=\"container\">\n\t\t\t\t\t<div class=\"e-con-inner\">\n\t\t\t\t<div class=\"elementor-element elementor-element-673ba29 elementor-widget elementor-widget-heading\" data-id=\"673ba29\" data-element_type=\"widget\" data-widget_type=\"heading.default\">\n\t\t\t\t<div class=\"elementor-widget-container\">\n\t\t\t\t\t<h2 class=\"elementor-heading-title elementor-size-default\">Evenements Sportif et culturel <\/h2>\t\t\t\t<\/div>\n\t\t\t\t<\/div>\n\t\t\t\t\t<\/div>\n\t\t\t\t<\/div>\n\t\t<div class=\"elementor-element elementor-element-e851220 e-flex e-con-boxed e-con e-parent\" data-id=\"e851220\" data-element_type=\"container\">\n\t\t\t\t\t<div class=\"e-con-inner\">\n\t\t<div class=\"elementor-element elementor-element-2c70b66 e-con-full e-flex e-con e-child\" data-id=\"2c70b66\" data-element_type=\"container\">\n\t\t\t\t<div class=\"elementor-element elementor-element-6d2ae33 elementor-widget elementor-widget-text-editor\" data-id=\"6d2ae33\" data-element_type=\"widget\" data-widget_type=\"text-editor.default\">\n\t\t\t\t<div class=\"elementor-widget-container\">\n\t\t\t\t\t\t\t\t\t<p>\u00c9v\u00e8nement Sport\u00a0<\/p><p>Notre conciergerie se charge de trouver pour vous des places pour tous vos \u00e9v\u00e9nements sportifs pr\u00e9f\u00e9r\u00e9s. Que ce soit pour des matchs de football, de tennis ou des comp\u00e9titions de course, nous nous occupons de tout afin de vous offrir une exp\u00e9rience inoubliable. Profitez de notre r\u00e9seau exclusif pour obtenir les meilleures places disponibles.<\/p>\t\t\t\t\t\t\t\t<\/div>\n\t\t\t\t<\/div>\n\t\t\t\t<div class=\"elementor-element elementor-element-f0fc81c elementor-align-center elementor-widget elementor-widget-button\" data-id=\"f0fc81c\" data-element_type=\"widget\" data-widget_type=\"button.default\">\n\t\t\t\t<div class=\"elementor-widget-container\">\n\t\t\t\t\t\t\t\t\t<div class=\"elementor-button-wrapper\">\n\t\t\t\t\t<a class=\"elementor-button elementor-button-link elementor-size-sm\" href=\"#\">\n\t\t\t\t\t\t<span class=\"elementor-button-content-wrapper\">\n\t\t\t\t\t\t\t\t\t<span class=\"elementor-button-text\">Contactez-nous <\/span>\n\t\t\t\t\t<\/span>\n\t\t\t\t\t<\/a>\n\t\t\t\t<\/div>\n\t\t\t\t\t\t\t\t<\/div>\n\t\t\t\t<\/div>\n\t\t\t\t<\/div>\n\t\t<div class=\"elementor-element elementor-element-3b93828 e-con-full e-flex e-con e-child\" data-id=\"3b93828\" data-element_type=\"container\">\n\t\t\t\t<div class=\"elementor-element elementor-element-cc43ccf elementor-arrows-position-inside elementor-pagination-position-outside elementor-widget elementor-widget-image-carousel\" data-id=\"cc43ccf\" data-element_type=\"widget\" data-settings=\"{&quot;slides_to_show&quot;:&quot;1&quot;,&quot;autoplay_speed&quot;:3000,&quot;navigation&quot;:&quot;both&quot;,&quot;autoplay&quot;:&quot;yes&quot;,&quot;pause_on_hover&quot;:&quot;yes&quot;,&quot;pause_on_interaction&quot;:&quot;yes&quot;,&quot;infinite&quot;:&quot;yes&quot;,&quot;effect&quot;:&quot;slide&quot;,&quot;speed&quot;:500}\" data-widget_type=\"image-carousel.default\">\n\t\t\t\t<div class=\"elementor-widget-container\">\n\t\t\t\t\t\t\t<div class=\"elementor-image-carousel-wrapper swiper\" role=\"region\" aria-roledescription=\"carousel\" aria-label=\"Carrousel d\u2019images\" dir=\"ltr\">\n\t\t\t<div class=\"elementor-image-carousel swiper-wrapper swiper-image-stretch\" aria-live=\"off\">\n\t\t\t\t\t\t\t\t<div class=\"swiper-slide\" role=\"group\" aria-roledescription=\"slide\" aria-label=\"1 sur 4\"><figure class=\"swiper-slide-inner\"><img decoding=\"async\" class=\"swiper-slide-image\" src=\"https:\/\/titoun-agency.com\/wp-content\/uploads\/elementor\/thumbs\/creer-club-basket-qopbn2u4afnzu2hj5a58s3p2pwy4x3xxj4vddlzkw8.jpg\" alt=\"creer-club-basket\" \/><\/figure><\/div><div class=\"swiper-slide\" role=\"group\" aria-roledescription=\"slide\" aria-label=\"2 sur 4\"><figure class=\"swiper-slide-inner\"><img decoding=\"async\" class=\"swiper-slide-image\" src=\"https:\/\/titoun-agency.com\/wp-content\/uploads\/elementor\/thumbs\/field_media_image-2834986-4a35298628cd1d0a013e72a0df9e37cfdc78db5f-qopbmpodmr5zbj0na4ggt70meiqzxchotbqknqj3bc.jpg\" alt=\"field_media_image-2834986-4a35298628cd1d0a013e72a0df9e37cfdc78db5f\" \/><\/figure><\/div><div class=\"swiper-slide\" role=\"group\" aria-roledescription=\"slide\" aria-label=\"3 sur 4\"><figure class=\"swiper-slide-inner\"><img decoding=\"async\" class=\"swiper-slide-image\" src=\"https:\/\/titoun-agency.com\/wp-content\/uploads\/elementor\/thumbs\/arton5861-qopbmamylele5rmhpxyfpat8wct4i6tzf9aszb5e2w.jpg\" alt=\"arton5861\" \/><\/figure><\/div><div class=\"swiper-slide\" role=\"group\" aria-roledescription=\"slide\" aria-label=\"4 sur 4\"><figure class=\"swiper-slide-inner\"><img decoding=\"async\" class=\"swiper-slide-image\" src=\"https:\/\/titoun-agency.com\/wp-content\/uploads\/elementor\/thumbs\/Histoire_Parc_Borelli62b41aeb934c76.59877677-2-qolrvk6zud9u9xjk3m4y99wduddwk96bhmvu6zqm4o.jpeg\" alt=\"Histoire_Parc_Borelli62b41aeb934c76.59877677-2\" \/><\/figure><\/div>\t\t\t<\/div>\n\t\t\t\t\t\t\t\t\t\t\t\t<div class=\"elementor-swiper-button elementor-swiper-button-prev\" role=\"button\" tabindex=\"0\">\n\t\t\t\t\t\t<svg aria-hidden=\"true\" class=\"e-font-icon-svg e-eicon-chevron-left\" viewBox=\"0 0 1000 1000\" xmlns=\"http:\/\/www.w3.org\/2000\/svg\"><path d=\"M646 125C629 125 613 133 604 142L308 442C296 454 292 471 292 487 292 504 296 521 308 533L604 854C617 867 629 875 646 875 663 875 679 871 692 858 704 846 713 829 713 812 713 796 708 779 692 767L438 487 692 225C700 217 708 204 708 187 708 171 704 154 692 142 675 129 663 125 646 125Z\"><\/path><\/svg>\t\t\t\t\t<\/div>\n\t\t\t\t\t<div class=\"elementor-swiper-button elementor-swiper-button-next\" role=\"button\" tabindex=\"0\">\n\t\t\t\t\t\t<svg aria-hidden=\"true\" class=\"e-font-icon-svg e-eicon-chevron-right\" viewBox=\"0 0 1000 1000\" xmlns=\"http:\/\/www.w3.org\/2000\/svg\"><path d=\"M696 533C708 521 713 504 713 487 713 471 708 454 696 446L400 146C388 133 375 125 354 125 338 125 325 129 313 142 300 154 292 171 292 187 292 204 296 221 308 233L563 492 304 771C292 783 288 800 288 817 288 833 296 850 308 863 321 871 338 875 354 875 371 875 388 867 400 854L696 533Z\"><\/path><\/svg>\t\t\t\t\t<\/div>\n\t\t\t\t\n\t\t\t\t\t\t\t\t\t<div class=\"swiper-pagination\"><\/div>\n\t\t\t\t\t\t\t\t\t<\/div>\n\t\t\t\t\t\t<\/div>\n\t\t\t\t<\/div>\n\t\t\t\t<\/div>\n\t\t\t\t\t<\/div>\n\t\t\t\t<\/div>\n\t\t<div class=\"elementor-element elementor-element-97eb65c e-flex e-con-boxed e-con e-parent\" data-id=\"97eb65c\" data-element_type=\"container\">\n\t\t\t\t\t<div class=\"e-con-inner\">\n\t\t\t\t<div class=\"elementor-element elementor-element-ea16ed8 elementor-widget-divider--view-line elementor-widget elementor-widget-divider\" data-id=\"ea16ed8\" data-element_type=\"widget\" data-widget_type=\"divider.default\">\n\t\t\t\t<div class=\"elementor-widget-container\">\n\t\t\t\t\t\t\t<div class=\"elementor-divider\">\n\t\t\t<span class=\"elementor-divider-separator\">\n\t\t\t\t\t\t<\/span>\n\t\t<\/div>\n\t\t\t\t\t\t<\/div>\n\t\t\t\t<\/div>\n\t\t\t\t\t<\/div>\n\t\t\t\t<\/div>\n\t\t<div class=\"elementor-element elementor-element-8374fd3 e-flex e-con-boxed e-con e-parent\" data-id=\"8374fd3\" data-element_type=\"container\">\n\t\t\t\t\t<div class=\"e-con-inner\">\n\t\t<div class=\"elementor-element elementor-element-b1c65cd e-con-full e-flex e-con e-child\" data-id=\"b1c65cd\" data-element_type=\"container\">\n\t\t\t\t<div class=\"elementor-element elementor-element-c57d70f elementor-widget elementor-widget-image\" data-id=\"c57d70f\" data-element_type=\"widget\" data-widget_type=\"image.default\">\n\t\t\t\t<div class=\"elementor-widget-container\">\n\t\t\t\t\t\t\t\t\t\t\t\t\t\t\t<img fetchpriority=\"high\" decoding=\"async\" width=\"1024\" height=\"683\" src=\"https:\/\/titoun-agency.com\/wp-content\/uploads\/2024\/05\/evenement-culturel-1024x683.jpg\" class=\"attachment-large size-large wp-image-152\" alt=\"\" srcset=\"https:\/\/titoun-agency.com\/wp-content\/uploads\/2024\/05\/evenement-culturel-1024x683.jpg 1024w, https:\/\/titoun-agency.com\/wp-content\/uploads\/2024\/05\/evenement-culturel-300x200.jpg 300w, https:\/\/titoun-agency.com\/wp-content\/uploads\/2024\/05\/evenement-culturel-768x512.jpg 768w, https:\/\/titoun-agency.com\/wp-content\/uploads\/2024\/05\/evenement-culturel.jpg 1280w\" sizes=\"(max-width: 1024px) 100vw, 1024px\" \/>\t\t\t\t\t\t\t\t\t\t\t\t\t\t\t<\/div>\n\t\t\t\t<\/div>\n\t\t\t\t<\/div>\n\t\t<div class=\"elementor-element elementor-element-d4fa387 e-con-full e-flex e-con e-child\" data-id=\"d4fa387\" data-element_type=\"container\">\n\t\t\t\t<div class=\"elementor-element elementor-element-121ff33 elementor-widget elementor-widget-text-editor\" data-id=\"121ff33\" data-element_type=\"widget\" data-widget_type=\"text-editor.default\">\n\t\t\t\t<div class=\"elementor-widget-container\">\n\t\t\t\t\t\t\t\t\t<p>Ev\u00e8nements culturels<\/p><p>Notre conciergerie vous procure des places pour tous vos \u00e9v\u00e9nements culturels favoris, qu&rsquo;il s&rsquo;agisse de concerts, de spectacles de th\u00e9\u00e2tre ou de festivals. Gr\u00e2ce \u00e0 notre r\u00e9seau privil\u00e9gi\u00e9, nous vous garantissons les meilleures places disponibles pour une exp\u00e9rience culturelle exceptionnelle. Laissez-nous g\u00e9rer les d\u00e9tails pour que vous puissiez profiter pleinement de ces moments uniques.<\/p>\t\t\t\t\t\t\t\t<\/div>\n\t\t\t\t<\/div>\n\t\t\t\t<div class=\"elementor-element elementor-element-779626e elementor-align-center elementor-widget elementor-widget-button\" data-id=\"779626e\" data-element_type=\"widget\" data-widget_type=\"button.default\">\n\t\t\t\t<div class=\"elementor-widget-container\">\n\t\t\t\t\t\t\t\t\t<div class=\"elementor-button-wrapper\">\n\t\t\t\t\t<a class=\"elementor-button elementor-button-link elementor-size-sm\" href=\"#\">\n\t\t\t\t\t\t<span class=\"elementor-button-content-wrapper\">\n\t\t\t\t\t\t\t\t\t<span class=\"elementor-button-text\">Contactez-nous<\/span>\n\t\t\t\t\t<\/span>\n\t\t\t\t\t<\/a>\n\t\t\t\t<\/div>\n\t\t\t\t\t\t\t\t<\/div>\n\t\t\t\t<\/div>\n\t\t\t\t<\/div>\n\t\t\t\t\t<\/div>\n\t\t\t\t<\/div>\n\t\t\t\t<\/div>\n\t\t","protected":false},"excerpt":{"rendered":"<p>Evenements Sportif et culturel \u00c9v\u00e8nement Sport\u00a0 Notre conciergerie se charge de trouver pour vous des places pour tous vos \u00e9v\u00e9nements sportifs pr\u00e9f\u00e9r\u00e9s. Que ce soit pour des matchs de football, de tennis ou des comp\u00e9titions de course, nous nous occupons de tout afin de vous offrir une exp\u00e9rience inoubliable. Profitez de notre r\u00e9seau exclusif pour [&hellip;]<\/p>\n","protected":false},"author":1,"featured_media":0,"parent":0,"menu_order":0,"comment_status":"closed","ping_status":"closed","template":"elementor_header_footer","meta":{"ocean_post_layout":"","ocean_both_sidebars_style":"","ocean_both_sidebars_content_width":0,"ocean_both_sidebars_sidebars_width":0,"ocean_sidebar":"","ocean_second_sidebar":"","ocean_disable_margins":"enable","ocean_add_body_class":"","ocean_shortcode_before_top_bar":"","ocean_shortcode_after_top_bar":"","ocean_shortcode_before_header":"","ocean_shortcode_after_header":"","ocean_has_shortcode":"","ocean_shortcode_after_title":"","ocean_shortcode_before_footer_widgets":"","ocean_shortcode_after_footer_widgets":"","ocean_shortcode_before_footer_bottom":"","ocean_shortcode_after_footer_bottom":"","ocean_display_top_bar":"default","ocean_display_header":"default","ocean_header_style":"","ocean_center_header_left_menu":"","ocean_custom_header_template":"","ocean_custom_logo":0,"ocean_custom_retina_logo":0,"ocean_custom_logo_max_width":0,"ocean_custom_logo_tablet_max_width":0,"ocean_custom_logo_mobile_max_width":0,"ocean_custom_logo_max_height":0,"ocean_custom_logo_tablet_max_height":0,"ocean_custom_logo_mobile_max_height":0,"ocean_header_custom_menu":"","ocean_menu_typo_font_family":"","ocean_menu_typo_font_subset":"","ocean_menu_typo_font_size":0,"ocean_menu_typo_font_size_tablet":0,"ocean_menu_typo_font_size_mobile":0,"ocean_menu_typo_font_size_unit":"px","ocean_menu_typo_font_weight":"","ocean_menu_typo_font_weight_tablet":"","ocean_menu_typo_font_weight_mobile":"","ocean_menu_typo_transform":"","ocean_menu_typo_transform_tablet":"","ocean_menu_typo_transform_mobile":"","ocean_menu_typo_line_height":0,"ocean_menu_typo_line_height_tablet":0,"ocean_menu_typo_line_height_mobile":0,"ocean_menu_typo_line_height_unit":"","ocean_menu_typo_spacing":0,"ocean_menu_typo_spacing_tablet":0,"ocean_menu_typo_spacing_mobile":0,"ocean_menu_typo_spacing_unit":"","ocean_menu_link_color":"","ocean_menu_link_color_hover":"","ocean_menu_link_color_active":"","ocean_menu_link_background":"","ocean_menu_link_hover_background":"","ocean_menu_link_active_background":"","ocean_menu_social_links_bg":"","ocean_menu_social_hover_links_bg":"","ocean_menu_social_links_color":"","ocean_menu_social_hover_links_color":"","ocean_disable_title":"default","ocean_disable_heading":"default","ocean_post_title":"","ocean_post_subheading":"","ocean_post_title_style":"","ocean_post_title_background_color":"","ocean_post_title_background":0,"ocean_post_title_bg_image_position":"","ocean_post_title_bg_image_attachment":"","ocean_post_title_bg_image_repeat":"","ocean_post_title_bg_image_size":"","ocean_post_title_height":0,"ocean_post_title_bg_overlay":0.5,"ocean_post_title_bg_overlay_color":"","ocean_disable_breadcrumbs":"default","ocean_breadcrumbs_color":"","ocean_breadcrumbs_separator_color":"","ocean_breadcrumbs_links_color":"","ocean_breadcrumbs_links_hover_color":"","ocean_display_footer_widgets":"default","ocean_display_footer_bottom":"default","ocean_custom_footer_template":"","footnotes":""},"class_list":["post-103","page","type-page","status-publish","hentry","entry"],"yoast_head":"<!-- This site is optimized with the Yoast SEO plugin v22.7 - https:\/\/yoast.com\/wordpress\/plugins\/seo\/ -->\n<title>\u00c9v\u00e8nements sportifs-culturels - TITOUN AGENCY<\/title>\n<meta name=\"robots\" content=\"index, follow, max-snippet:-1, max-image-preview:large, max-video-preview:-1\" \/>\n<link rel=\"canonical\" href=\"https:\/\/titoun-agency.com\/?page_id=103\" \/>\n<meta property=\"og:locale\" content=\"fr_FR\" \/>\n<meta property=\"og:type\" content=\"article\" \/>\n<meta property=\"og:title\" content=\"\u00c9v\u00e8nements sportifs-culturels - TITOUN AGENCY\" \/>\n<meta property=\"og:description\" content=\"Evenements Sportif et culturel \u00c9v\u00e8nement Sport\u00a0 Notre conciergerie se charge de trouver pour vous des places pour tous vos \u00e9v\u00e9nements sportifs pr\u00e9f\u00e9r\u00e9s. Que ce soit pour des matchs de football, de tennis ou des comp\u00e9titions de course, nous nous occupons de tout afin de vous offrir une exp\u00e9rience inoubliable. Profitez de notre r\u00e9seau exclusif pour [&hellip;]\" \/>\n<meta property=\"og:url\" content=\"https:\/\/titoun-agency.com\/?page_id=103\" \/>\n<meta property=\"og:site_name\" content=\"TITOUN AGENCY\" \/>\n<meta property=\"article:modified_time\" content=\"2024-05-26T00:27:50+00:00\" \/>\n<meta property=\"og:image\" content=\"https:\/\/titoun-agency.com\/wp-content\/uploads\/elementor\/thumbs\/creer-club-basket-qopbn2u4afnzu2hj5a58s3p2pwy4x3xxj4vddlzkw8.jpg\" \/>\n<meta name=\"twitter:card\" content=\"summary_large_image\" \/>\n<meta name=\"twitter:label1\" content=\"Dur\u00e9e de lecture estim\u00e9e\" \/>\n\t<meta name=\"twitter:data1\" content=\"2 minutes\" \/>\n<script type=\"application\/ld+json\" class=\"yoast-schema-graph\">{\"@context\":\"https:\/\/schema.org\",\"@graph\":[{\"@type\":\"WebPage\",\"@id\":\"https:\/\/titoun-agency.com\/?page_id=103\",\"url\":\"https:\/\/titoun-agency.com\/?page_id=103\",\"name\":\"\u00c9v\u00e8nements sportifs-culturels - TITOUN AGENCY\",\"isPartOf\":{\"@id\":\"https:\/\/titoun-agency.com\/#website\"},\"primaryImageOfPage\":{\"@id\":\"https:\/\/titoun-agency.com\/?page_id=103#primaryimage\"},\"image\":{\"@id\":\"https:\/\/titoun-agency.com\/?page_id=103#primaryimage\"},\"thumbnailUrl\":\"https:\/\/titoun-agency.com\/wp-content\/uploads\/elementor\/thumbs\/creer-club-basket-qopbn2u4afnzu2hj5a58s3p2pwy4x3xxj4vddlzkw8.jpg\",\"datePublished\":\"2024-05-24T00:06:41+00:00\",\"dateModified\":\"2024-05-26T00:27:50+00:00\",\"breadcrumb\":{\"@id\":\"https:\/\/titoun-agency.com\/?page_id=103#breadcrumb\"},\"inLanguage\":\"fr-FR\",\"potentialAction\":[{\"@type\":\"ReadAction\",\"target\":[\"https:\/\/titoun-agency.com\/?page_id=103\"]}]},{\"@type\":\"ImageObject\",\"inLanguage\":\"fr-FR\",\"@id\":\"https:\/\/titoun-agency.com\/?page_id=103#primaryimage\",\"url\":\"https:\/\/titoun-agency.com\/wp-content\/uploads\/elementor\/thumbs\/creer-club-basket-qopbn2u4afnzu2hj5a58s3p2pwy4x3xxj4vddlzkw8.jpg\",\"contentUrl\":\"https:\/\/titoun-agency.com\/wp-content\/uploads\/elementor\/thumbs\/creer-club-basket-qopbn2u4afnzu2hj5a58s3p2pwy4x3xxj4vddlzkw8.jpg\"},{\"@type\":\"BreadcrumbList\",\"@id\":\"https:\/\/titoun-agency.com\/?page_id=103#breadcrumb\",\"itemListElement\":[{\"@type\":\"ListItem\",\"position\":1,\"name\":\"Accueil\",\"item\":\"https:\/\/titoun-agency.com\/\"},{\"@type\":\"ListItem\",\"position\":2,\"name\":\"\u00c9v\u00e8nements sportifs-culturels\"}]},{\"@type\":\"WebSite\",\"@id\":\"https:\/\/titoun-agency.com\/#website\",\"url\":\"https:\/\/titoun-agency.com\/\",\"name\":\"TITOUN AGENCY\",\"description\":\"\",\"publisher\":{\"@id\":\"https:\/\/titoun-agency.com\/#organization\"},\"potentialAction\":[{\"@type\":\"SearchAction\",\"target\":{\"@type\":\"EntryPoint\",\"urlTemplate\":\"https:\/\/titoun-agency.com\/?s={search_term_string}\"},\"query-input\":\"required name=search_term_string\"}],\"inLanguage\":\"fr-FR\"},{\"@type\":\"Organization\",\"@id\":\"https:\/\/titoun-agency.com\/#organization\",\"name\":\"TITOUN AGENCY\",\"url\":\"https:\/\/titoun-agency.com\/\",\"logo\":{\"@type\":\"ImageObject\",\"inLanguage\":\"fr-FR\",\"@id\":\"https:\/\/titoun-agency.com\/#\/schema\/logo\/image\/\",\"url\":\"https:\/\/titoun-agency.com\/wp-content\/uploads\/2024\/07\/cropped-Titoun-logo_Plan-de-travail-1-copie-13-1.png\",\"contentUrl\":\"https:\/\/titoun-agency.com\/wp-content\/uploads\/2024\/07\/cropped-Titoun-logo_Plan-de-travail-1-copie-13-1.png\",\"width\":4500,\"height\":4500,\"caption\":\"TITOUN AGENCY\"},\"image\":{\"@id\":\"https:\/\/titoun-agency.com\/#\/schema\/logo\/image\/\"}}]}<\/script>\n<!-- \/ Yoast SEO plugin. -->","yoast_head_json":{"title":"\u00c9v\u00e8nements sportifs-culturels - TITOUN AGENCY","robots":{"index":"index","follow":"follow","max-snippet":"max-snippet:-1","max-image-preview":"max-image-preview:large","max-video-preview":"max-video-preview:-1"},"canonical":"https:\/\/titoun-agency.com\/?page_id=103","og_locale":"fr_FR","og_type":"article","og_title":"\u00c9v\u00e8nements sportifs-culturels - TITOUN AGENCY","og_description":"Evenements Sportif et culturel \u00c9v\u00e8nement Sport\u00a0 Notre conciergerie se charge de trouver pour vous des places pour tous vos \u00e9v\u00e9nements sportifs pr\u00e9f\u00e9r\u00e9s. Que ce soit pour des matchs de football, de tennis ou des comp\u00e9titions de course, nous nous occupons de tout afin de vous offrir une exp\u00e9rience inoubliable. Profitez de notre r\u00e9seau exclusif pour [&hellip;]","og_url":"https:\/\/titoun-agency.com\/?page_id=103","og_site_name":"TITOUN AGENCY","article_modified_time":"2024-05-26T00:27:50+00:00","og_image":[{"url":"https:\/\/titoun-agency.com\/wp-content\/uploads\/elementor\/thumbs\/creer-club-basket-qopbn2u4afnzu2hj5a58s3p2pwy4x3xxj4vddlzkw8.jpg"}],"twitter_card":"summary_large_image","twitter_misc":{"Dur\u00e9e de lecture estim\u00e9e":"2 minutes"},"schema":{"@context":"https:\/\/schema.org","@graph":[{"@type":"WebPage","@id":"https:\/\/titoun-agency.com\/?page_id=103","url":"https:\/\/titoun-agency.com\/?page_id=103","name":"\u00c9v\u00e8nements sportifs-culturels - TITOUN AGENCY","isPartOf":{"@id":"https:\/\/titoun-agency.com\/#website"},"primaryImageOfPage":{"@id":"https:\/\/titoun-agency.com\/?page_id=103#primaryimage"},"image":{"@id":"https:\/\/titoun-agency.com\/?page_id=103#primaryimage"},"thumbnailUrl":"https:\/\/titoun-agency.com\/wp-content\/uploads\/elementor\/thumbs\/creer-club-basket-qopbn2u4afnzu2hj5a58s3p2pwy4x3xxj4vddlzkw8.jpg","datePublished":"2024-05-24T00:06:41+00:00","dateModified":"2024-05-26T00:27:50+00:00","breadcrumb":{"@id":"https:\/\/titoun-agency.com\/?page_id=103#breadcrumb"},"inLanguage":"fr-FR","potentialAction":[{"@type":"ReadAction","target":["https:\/\/titoun-agency.com\/?page_id=103"]}]},{"@type":"ImageObject","inLanguage":"fr-FR","@id":"https:\/\/titoun-agency.com\/?page_id=103#primaryimage","url":"https:\/\/titoun-agency.com\/wp-content\/uploads\/elementor\/thumbs\/creer-club-basket-qopbn2u4afnzu2hj5a58s3p2pwy4x3xxj4vddlzkw8.jpg","contentUrl":"https:\/\/titoun-agency.com\/wp-content\/uploads\/elementor\/thumbs\/creer-club-basket-qopbn2u4afnzu2hj5a58s3p2pwy4x3xxj4vddlzkw8.jpg"},{"@type":"BreadcrumbList","@id":"https:\/\/titoun-agency.com\/?page_id=103#breadcrumb","itemListElement":[{"@type":"ListItem","position":1,"name":"Accueil","item":"https:\/\/titoun-agency.com\/"},{"@type":"ListItem","position":2,"name":"\u00c9v\u00e8nements sportifs-culturels"}]},{"@type":"WebSite","@id":"https:\/\/titoun-agency.com\/#website","url":"https:\/\/titoun-agency.com\/","name":"TITOUN AGENCY","description":"","publisher":{"@id":"https:\/\/titoun-agency.com\/#organization"},"potentialAction":[{"@type":"SearchAction","target":{"@type":"EntryPoint","urlTemplate":"https:\/\/titoun-agency.com\/?s={search_term_string}"},"query-input":"required name=search_term_string"}],"inLanguage":"fr-FR"},{"@type":"Organization","@id":"https:\/\/titoun-agency.com\/#organization","name":"TITOUN AGENCY","url":"https:\/\/titoun-agency.com\/","logo":{"@type":"ImageObject","inLanguage":"fr-FR","@id":"https:\/\/titoun-agency.com\/#\/schema\/logo\/image\/","url":"https:\/\/titoun-agency.com\/wp-content\/uploads\/2024\/07\/cropped-Titoun-logo_Plan-de-travail-1-copie-13-1.png","contentUrl":"https:\/\/titoun-agency.com\/wp-content\/uploads\/2024\/07\/cropped-Titoun-logo_Plan-de-travail-1-copie-13-1.png","width":4500,"height":4500,"caption":"TITOUN AGENCY"},"image":{"@id":"https:\/\/titoun-agency.com\/#\/schema\/logo\/image\/"}}]}},"_links":{"self":[{"href":"https:\/\/titoun-agency.com\/index.php?rest_route=\/wp\/v2\/pages\/103","targetHints":{"allow":["GET"]}}],"collection":[{"href":"https:\/\/titoun-agency.com\/index.php?rest_route=\/wp\/v2\/pages"}],"about":[{"href":"https:\/\/titoun-agency.com\/index.php?rest_route=\/wp\/v2\/types\/page"}],"author":[{"embeddable":true,"href":"https:\/\/titoun-agency.com\/index.php?rest_route=\/wp\/v2\/users\/1"}],"replies":[{"embeddable":true,"href":"https:\/\/titoun-agency.com\/index.php?rest_route=%2Fwp%2Fv2%2Fcomments&post=103"}],"version-history":[{"count":20,"href":"https:\/\/titoun-agency.com\/index.php?rest_route=\/wp\/v2\/pages\/103\/revisions"}],"predecessor-version":[{"id":169,"href":"https:\/\/titoun-agency.com\/index.php?rest_route=\/wp\/v2\/pages\/103\/revisions\/169"}],"wp:attachment":[{"href":"https:\/\/titoun-agency.com\/index.php?rest_route=%2Fwp%2Fv2%2Fmedia&parent=103"}],"curies":[{"name":"wp","href":"https:\/\/api.w.org\/{rel}","templated":true}]}}