{"id":11,"date":"2024-05-20T01:40:21","date_gmt":"2024-05-19T23:40:21","guid":{"rendered":"https:\/\/titoun-agency.com\/?page_id=11"},"modified":"2025-12-06T21:05:17","modified_gmt":"2025-12-06T20:05:17","slug":"accueil","status":"publish","type":"page","link":"https:\/\/titoun-agency.com\/","title":{"rendered":"Accueil"},"content":{"rendered":"\t\t<div data-elementor-type=\"wp-page\" data-elementor-id=\"11\" class=\"elementor elementor-11\">\n\t\t\t\t<div class=\"elementor-element elementor-element-3217237 e-flex e-con-boxed e-con e-parent\" data-id=\"3217237\" data-element_type=\"container\" data-settings=\"{&quot;background_background&quot;:&quot;classic&quot;}\">\n\t\t\t\t\t<div class=\"e-con-inner\">\n\t\t\t\t<div class=\"elementor-element elementor-element-442bdb4 elementor-widget-divider--view-line elementor-widget elementor-widget-divider\" data-id=\"442bdb4\" data-element_type=\"widget\" data-widget_type=\"divider.default\">\n\t\t\t\t<div class=\"elementor-widget-container\">\n\t\t\t\t\t\t\t<div class=\"elementor-divider\">\n\t\t\t<span class=\"elementor-divider-separator\">\n\t\t\t\t\t\t<\/span>\n\t\t<\/div>\n\t\t\t\t\t\t<\/div>\n\t\t\t\t<\/div>\n\t\t\t\t<div class=\"elementor-element elementor-element-8c1ef99 elementor-widget elementor-widget-heading\" data-id=\"8c1ef99\" data-element_type=\"widget\" data-widget_type=\"heading.default\">\n\t\t\t\t<div class=\"elementor-widget-container\">\n\t\t\t\t\t<h2 class=\"elementor-heading-title elementor-size-default\">Conciergerie de Luxe <\/h2>\t\t\t\t<\/div>\n\t\t\t\t<\/div>\n\t\t\t\t<div class=\"elementor-element elementor-element-e8d93f6 elementor-widget elementor-widget-heading\" data-id=\"e8d93f6\" data-element_type=\"widget\" data-widget_type=\"heading.default\">\n\t\t\t\t<div class=\"elementor-widget-container\">\n\t\t\t\t\t<h2 class=\"elementor-heading-title elementor-size-default\">La conciergerie \u00e0 votre disposition pour tous vos besoins !<\/h2>\t\t\t\t<\/div>\n\t\t\t\t<\/div>\n\t\t\t\t<div class=\"elementor-element elementor-element-53ca9e1 elementor-widget-divider--view-line elementor-widget elementor-widget-divider\" data-id=\"53ca9e1\" data-element_type=\"widget\" data-widget_type=\"divider.default\">\n\t\t\t\t<div class=\"elementor-widget-container\">\n\t\t\t\t\t\t\t<div class=\"elementor-divider\">\n\t\t\t<span class=\"elementor-divider-separator\">\n\t\t\t\t\t\t<\/span>\n\t\t<\/div>\n\t\t\t\t\t\t<\/div>\n\t\t\t\t<\/div>\n\t\t\t\t<div class=\"elementor-element elementor-element-9a85272 elementor-widget elementor-widget-text-editor\" data-id=\"9a85272\" data-element_type=\"widget\" data-widget_type=\"text-editor.default\">\n\t\t\t\t<div class=\"elementor-widget-container\">\n\t\t\t\t\t\t\t\t\t<p>Notre conciergerie d&rsquo;\u00e9v\u00e9nements sportifs et culturels prend en charge l&rsquo;organisation compl\u00e8te de vos exp\u00e9riences sportives, des billets VIP aux r\u00e9servations d&rsquo;h\u00f4tels, pour une exp\u00e9rience inoubliable.<\/p>\t\t\t\t\t\t\t\t<\/div>\n\t\t\t\t<\/div>\n\t\t\t\t<div class=\"elementor-element elementor-element-321c7b7 elementor-align-center elementor-widget elementor-widget-button\" data-id=\"321c7b7\" data-element_type=\"widget\" data-widget_type=\"button.default\">\n\t\t\t\t<div class=\"elementor-widget-container\">\n\t\t\t\t\t\t\t\t\t<div class=\"elementor-button-wrapper\">\n\t\t\t\t\t<a class=\"elementor-button elementor-button-link elementor-size-sm elementor-animation-grow\" href=\"#\">\n\t\t\t\t\t\t<span class=\"elementor-button-content-wrapper\">\n\t\t\t\t\t\t\t\t\t<span class=\"elementor-button-text\">Contactez - nous<\/span>\n\t\t\t\t\t<\/span>\n\t\t\t\t\t<\/a>\n\t\t\t\t<\/div>\n\t\t\t\t\t\t\t\t<\/div>\n\t\t\t\t<\/div>\n\t\t\t\t\t<\/div>\n\t\t\t\t<\/div>\n\t\t<div class=\"elementor-element elementor-element-216d498 e-flex e-con-boxed e-con e-parent\" data-id=\"216d498\" data-element_type=\"container\">\n\t\t\t\t\t<div class=\"e-con-inner\">\n\t\t\t\t<div class=\"elementor-element elementor-element-cb7a1bc elementor-widget elementor-widget-heading\" data-id=\"cb7a1bc\" data-element_type=\"widget\" data-widget_type=\"heading.default\">\n\t\t\t\t<div class=\"elementor-widget-container\">\n\t\t\t\t\t<h2 class=\"elementor-heading-title elementor-size-default\">Nos services <\/h2>\t\t\t\t<\/div>\n\t\t\t\t<\/div>\n\t\t\t\t<div class=\"elementor-element elementor-element-3047e25 elementor-widget-divider--view-line elementor-widget elementor-widget-divider\" data-id=\"3047e25\" data-element_type=\"widget\" data-widget_type=\"divider.default\">\n\t\t\t\t<div class=\"elementor-widget-container\">\n\t\t\t\t\t\t\t<div class=\"elementor-divider\">\n\t\t\t<span class=\"elementor-divider-separator\">\n\t\t\t\t\t\t<\/span>\n\t\t<\/div>\n\t\t\t\t\t\t<\/div>\n\t\t\t\t<\/div>\n\t\t\t\t<div class=\"elementor-element elementor-element-d32956a elementor-widget elementor-widget-text-editor\" data-id=\"d32956a\" data-element_type=\"widget\" data-widget_type=\"text-editor.default\">\n\t\t\t\t<div class=\"elementor-widget-container\">\n\t\t\t\t\t\t\t\t\t<p><span style=\"font-size: 16px; font-style: normal; font-variant-caps: normal; white-space: pre-wrap; caret-color: #0d0d0d; color: #0d0d0d; font-family: ui-sans-serif, -apple-system, system-ui, 'Segoe UI', Roboto, Ubuntu, Cantarell, 'Noto Sans', sans-serif, Helvetica, 'Apple Color Emoji', Arial, 'Segoe UI Emoji', 'Segoe UI Symbol';\">D\u00e9couvrez nos services, con\u00e7us pour simplifier votre quotidien en g\u00e9rant vos besoins personnels et professionnels avec excellence.<\/span><\/p>\t\t\t\t\t\t\t\t<\/div>\n\t\t\t\t<\/div>\n\t\t\t\t\t<\/div>\n\t\t\t\t<\/div>\n\t\t<div class=\"elementor-element elementor-element-29efd84 e-flex e-con-boxed e-con e-parent\" data-id=\"29efd84\" data-element_type=\"container\">\n\t\t\t\t\t<div class=\"e-con-inner\">\n\t\t<div class=\"elementor-element elementor-element-052cb8e e-con-full e-flex e-con e-child\" data-id=\"052cb8e\" data-element_type=\"container\">\n\t\t\t\t<div class=\"elementor-element elementor-element-2e8c003 elementor-widget elementor-widget-e_image_hover_effects\" data-id=\"2e8c003\" data-element_type=\"widget\" data-widget_type=\"e_image_hover_effects.default\">\n\t\t\t\t<div class=\"elementor-widget-container\">\n\t\t\t\t\t\t\t\t<a href=\"https:\/\/titoun-agency.com\/?page_id=101\">\n\t\t\t\t\t<div class=\"eihe-box eihe-fade-in-up eihe_\">\n\t\t\t\t<img fetchpriority=\"high\" decoding=\"async\" width=\"600\" height=\"600\" src=\"https:\/\/titoun-agency.com\/wp-content\/uploads\/2024\/05\/i33ibo1hwl-31899-600x600.jpg\" class=\"attachment-ocean-thumb-m size-ocean-thumb-m wp-image-70\" alt=\"\" srcset=\"https:\/\/titoun-agency.com\/wp-content\/uploads\/2024\/05\/i33ibo1hwl-31899-600x600.jpg 600w, https:\/\/titoun-agency.com\/wp-content\/uploads\/2024\/05\/i33ibo1hwl-31899-150x150.jpg 150w\" sizes=\"(max-width: 600px) 100vw, 600px\" \/>\t\t\t\t<div class=\"eihe-caption\">\n\t\t\t\t\t<div class=\"eihe-title-cover\">\n\t\t\t\t\t\t\t\t\t\t\t\t<h3 class=\"eihe-title\">H\u00e9bergements<\/h3>\n\t\t\t\t\t\t\t\t\t\t\t<\/div>\n\t\t\t\t\t<p><\/p>\n\t\t\t\t<\/div>\n\t\t\t<\/div>\n\t\t\t\t\t<\/a>\n\t\t\t\t\t\t<\/div>\n\t\t\t\t<\/div>\n\t\t\t\t<\/div>\n\t\t<div class=\"elementor-element elementor-element-7f4a61a e-con-full e-flex e-con e-child\" data-id=\"7f4a61a\" data-element_type=\"container\">\n\t\t\t\t<div class=\"elementor-element elementor-element-95ac925 elementor-widget elementor-widget-e_image_hover_effects\" data-id=\"95ac925\" data-element_type=\"widget\" data-widget_type=\"e_image_hover_effects.default\">\n\t\t\t\t<div class=\"elementor-widget-container\">\n\t\t\t\t\t\t\t\t<a href=\"https:\/\/titoun-agency.com\/?page_id=103\">\n\t\t\t\t\t<div class=\"eihe-box eihe-fade-in-up eihe_\">\n\t\t\t\t<img decoding=\"async\" width=\"600\" height=\"600\" src=\"https:\/\/titoun-agency.com\/wp-content\/uploads\/2024\/05\/Histoire_Parc_Borelli62b41aeb934c76.59877677-2-600x600.jpeg\" class=\"attachment-ocean-thumb-m size-ocean-thumb-m wp-image-71\" alt=\"\" srcset=\"https:\/\/titoun-agency.com\/wp-content\/uploads\/2024\/05\/Histoire_Parc_Borelli62b41aeb934c76.59877677-2-600x600.jpeg 600w, https:\/\/titoun-agency.com\/wp-content\/uploads\/2024\/05\/Histoire_Parc_Borelli62b41aeb934c76.59877677-2-150x150.jpeg 150w\" sizes=\"(max-width: 600px) 100vw, 600px\" \/>\t\t\t\t<div class=\"eihe-caption\">\n\t\t\t\t\t<div class=\"eihe-title-cover\">\n\t\t\t\t\t\t\t\t\t\t\t\t<h3 class=\"eihe-title\">\u00c9v\u00e8nement sportif<\/h3>\n\t\t\t\t\t\t\t\t\t\t\t<\/div>\n\t\t\t\t\t<p><\/p>\n\t\t\t\t<\/div>\n\t\t\t<\/div>\n\t\t\t\t\t<\/a>\n\t\t\t\t\t\t<\/div>\n\t\t\t\t<\/div>\n\t\t\t\t<\/div>\n\t\t<div class=\"elementor-element elementor-element-022a5b6 e-con-full e-flex e-con e-child\" data-id=\"022a5b6\" data-element_type=\"container\">\n\t\t\t\t<div class=\"elementor-element elementor-element-7c3f0a1 elementor-widget elementor-widget-e_image_hover_effects\" data-id=\"7c3f0a1\" data-element_type=\"widget\" data-widget_type=\"e_image_hover_effects.default\">\n\t\t\t\t<div class=\"elementor-widget-container\">\n\t\t\t\t\t\t\t\t<a href=\"https:\/\/titoun-agency.com\/?page_id=102\">\n\t\t\t\t\t<div class=\"eihe-box eihe-fade-in-up eihe_\">\n\t\t\t\t<img decoding=\"async\" width=\"600\" height=\"598\" src=\"https:\/\/titoun-agency.com\/wp-content\/uploads\/2024\/05\/000958259_896x598_c-600x598.jpg\" class=\"attachment-ocean-thumb-m size-ocean-thumb-m wp-image-72\" alt=\"\" srcset=\"https:\/\/titoun-agency.com\/wp-content\/uploads\/2024\/05\/000958259_896x598_c-600x598.jpg 600w, https:\/\/titoun-agency.com\/wp-content\/uploads\/2024\/05\/000958259_896x598_c-150x150.jpg 150w\" sizes=\"(max-width: 600px) 100vw, 600px\" \/>\t\t\t\t<div class=\"eihe-caption\">\n\t\t\t\t\t<div class=\"eihe-title-cover\">\n\t\t\t\t\t\t\t\t\t\t\t\t<h3 class=\"eihe-title\">Shopping - Mode<\/h3>\n\t\t\t\t\t\t\t\t\t\t\t<\/div>\n\t\t\t\t\t<p><\/p>\n\t\t\t\t<\/div>\n\t\t\t<\/div>\n\t\t\t\t\t<\/a>\n\t\t\t\t\t\t<\/div>\n\t\t\t\t<\/div>\n\t\t\t\t<\/div>\n\t\t<div class=\"elementor-element elementor-element-a6172e6 e-con-full e-flex e-con e-child\" data-id=\"a6172e6\" data-element_type=\"container\">\n\t\t\t\t<div class=\"elementor-element elementor-element-848588d elementor-widget elementor-widget-e_image_hover_effects\" data-id=\"848588d\" data-element_type=\"widget\" data-widget_type=\"e_image_hover_effects.default\">\n\t\t\t\t<div class=\"elementor-widget-container\">\n\t\t\t\t\t\t\t\t<a href=\"https:\/\/titoun-agency.com\/?page_id=105\">\n\t\t\t\t\t<div class=\"eihe-box eihe-fade-in-up eihe_\">\n\t\t\t\t<img loading=\"lazy\" decoding=\"async\" width=\"600\" height=\"600\" src=\"https:\/\/titoun-agency.com\/wp-content\/uploads\/2024\/05\/034-falcon8x-2018usb55-a4-hd-scaled-e1646847361884-1641x750-1-600x600.jpg\" class=\"attachment-ocean-thumb-m size-ocean-thumb-m wp-image-73\" alt=\"\" srcset=\"https:\/\/titoun-agency.com\/wp-content\/uploads\/2024\/05\/034-falcon8x-2018usb55-a4-hd-scaled-e1646847361884-1641x750-1-600x600.jpg 600w, https:\/\/titoun-agency.com\/wp-content\/uploads\/2024\/05\/034-falcon8x-2018usb55-a4-hd-scaled-e1646847361884-1641x750-1-150x150.jpg 150w\" sizes=\"(max-width: 600px) 100vw, 600px\" \/>\t\t\t\t<div class=\"eihe-caption\">\n\t\t\t\t\t<div class=\"eihe-title-cover\">\n\t\t\t\t\t\t\t\t\t\t\t\t<h3 class=\"eihe-title\">Transport<\/h3>\n\t\t\t\t\t\t\t\t\t\t\t<\/div>\n\t\t\t\t\t<p><\/p>\n\t\t\t\t<\/div>\n\t\t\t<\/div>\n\t\t\t\t\t<\/a>\n\t\t\t\t\t\t<\/div>\n\t\t\t\t<\/div>\n\t\t\t\t<\/div>\n\t\t\t\t\t<\/div>\n\t\t\t\t<\/div>\n\t\t<div class=\"elementor-element elementor-element-da69668 e-flex e-con-boxed e-con e-parent\" data-id=\"da69668\" data-element_type=\"container\">\n\t\t\t\t\t<div class=\"e-con-inner\">\n\t\t\t\t<div class=\"elementor-element elementor-element-c0cb6b9 elementor-widget elementor-widget-heading\" data-id=\"c0cb6b9\" data-element_type=\"widget\" data-widget_type=\"heading.default\">\n\t\t\t\t<div class=\"elementor-widget-container\">\n\t\t\t\t\t<h2 class=\"elementor-heading-title elementor-size-default\">Quelques chiffres <\/h2>\t\t\t\t<\/div>\n\t\t\t\t<\/div>\n\t\t\t\t\t<\/div>\n\t\t\t\t<\/div>\n\t\t<div class=\"elementor-element elementor-element-818b5b7 e-flex e-con-boxed e-con e-parent\" data-id=\"818b5b7\" data-element_type=\"container\">\n\t\t\t\t\t<div class=\"e-con-inner\">\n\t\t<div class=\"elementor-element elementor-element-b141a07 e-con-full e-flex e-con e-child\" data-id=\"b141a07\" data-element_type=\"container\">\n\t\t\t\t<div class=\"elementor-element elementor-element-4eb3fea elementor-widget elementor-widget-counter\" data-id=\"4eb3fea\" data-element_type=\"widget\" data-widget_type=\"counter.default\">\n\t\t\t\t<div class=\"elementor-widget-container\">\n\t\t\t\t\t\t\t<div class=\"elementor-counter\">\n\t\t\t<div class=\"elementor-counter-title\">Clients satisfaits qui nous ont fait confiance<\/div>\t\t\t<div class=\"elementor-counter-number-wrapper\">\n\t\t\t\t<span class=\"elementor-counter-number-prefix\"><\/span>\n\t\t\t\t<span class=\"elementor-counter-number\" data-duration=\"3300\" data-to-value=\"100\" data-from-value=\"0\" data-delimiter=\",\">0<\/span>\n\t\t\t\t<span class=\"elementor-counter-number-suffix\"><\/span>\n\t\t\t<\/div>\n\t\t<\/div>\n\t\t\t\t\t\t<\/div>\n\t\t\t\t<\/div>\n\t\t\t\t<\/div>\n\t\t<div class=\"elementor-element elementor-element-eb45e67 e-con-full e-flex e-con e-child\" data-id=\"eb45e67\" data-element_type=\"container\">\n\t\t\t\t<div class=\"elementor-element elementor-element-b5fc32f elementor-widget elementor-widget-counter\" data-id=\"b5fc32f\" data-element_type=\"widget\" data-widget_type=\"counter.default\">\n\t\t\t\t<div class=\"elementor-widget-container\">\n\t\t\t\t\t\t\t<div class=\"elementor-counter\">\n\t\t\t<div class=\"elementor-counter-title\">Nombre d'\u00e9v\u00e8nements par an <\/div>\t\t\t<div class=\"elementor-counter-number-wrapper\">\n\t\t\t\t<span class=\"elementor-counter-number-prefix\"><\/span>\n\t\t\t\t<span class=\"elementor-counter-number\" data-duration=\"2000\" data-to-value=\"68\" data-from-value=\"0\" data-delimiter=\",\">0<\/span>\n\t\t\t\t<span class=\"elementor-counter-number-suffix\"><\/span>\n\t\t\t<\/div>\n\t\t<\/div>\n\t\t\t\t\t\t<\/div>\n\t\t\t\t<\/div>\n\t\t\t\t<\/div>\n\t\t\t\t\t<\/div>\n\t\t\t\t<\/div>\n\t\t<div class=\"elementor-element elementor-element-5d852f4 e-flex e-con-boxed e-con e-parent\" data-id=\"5d852f4\" data-element_type=\"container\">\n\t\t\t\t\t<div class=\"e-con-inner\">\n\t\t\t\t<div class=\"elementor-element elementor-element-bbaf2de elementor-widget elementor-widget-html\" data-id=\"bbaf2de\" data-element_type=\"widget\" data-widget_type=\"html.default\">\n\t\t\t\t<div class=\"elementor-widget-container\">\n\t\t\t\t\t<!DOCTYPE html>\n<html lang=\"fr\">\n<head>\n    <meta charset=\"UTF-8\">\n    <title>Formulaire de contact<\/title>\n<\/head>\n<body>\n    <h2>Contactez-nous<\/h2>\n    <form action=\"#\" method=\"post\">\n        <label for=\"nom\">Nom :<\/label><br>\n        <input type=\"text\" id=\"nom\" name=\"nom\" required><br>\n        \n        <label for=\"email\">Email :<\/label><br>\n        <input type=\"email\" id=\"email\" name=\"email\" required><br>\n        \n        <label for=\"objet\">Objet :<\/label><br>\n        <input type=\"text\" id=\"objet\" name=\"objet\" required><br>\n        \n        <label for=\"message\">Message :<\/label><br>\n        <textarea id=\"message\" name=\"message\" rows=\"4\" required><\/textarea><br>\n        \n        <input type=\"submit\" value=\"Envoyer\">\n    <\/form>\n<\/body>\n<\/html>\t\t\t\t<\/div>\n\t\t\t\t<\/div>\n\t\t\t\t\t<\/div>\n\t\t\t\t<\/div>\n\t\t\t\t<\/div>\n\t\t","protected":false},"excerpt":{"rendered":"<p>Conciergerie de Luxe La conciergerie \u00e0 votre disposition pour tous vos besoins ! Notre conciergerie d&rsquo;\u00e9v\u00e9nements sportifs et culturels prend en charge l&rsquo;organisation compl\u00e8te de vos exp\u00e9riences sportives, des billets VIP aux r\u00e9servations d&rsquo;h\u00f4tels, pour une exp\u00e9rience inoubliable. Contactez &#8211; nous Nos services D\u00e9couvrez nos services, con\u00e7us pour simplifier votre quotidien en g\u00e9rant vos besoins [&hellip;]<\/p>\n","protected":false},"author":1,"featured_media":0,"parent":0,"menu_order":0,"comment_status":"closed","ping_status":"closed","template":"elementor_header_footer","meta":{"ocean_post_layout":"","ocean_both_sidebars_style":"","ocean_both_sidebars_content_width":0,"ocean_both_sidebars_sidebars_width":0,"ocean_sidebar":"","ocean_second_sidebar":"","ocean_disable_margins":"enable","ocean_add_body_class":"","ocean_shortcode_before_top_bar":"","ocean_shortcode_after_top_bar":"","ocean_shortcode_before_header":"","ocean_shortcode_after_header":"","ocean_has_shortcode":"","ocean_shortcode_after_title":"","ocean_shortcode_before_footer_widgets":"","ocean_shortcode_after_footer_widgets":"","ocean_shortcode_before_footer_bottom":"","ocean_shortcode_after_footer_bottom":"","ocean_display_top_bar":"default","ocean_display_header":"default","ocean_header_style":"","ocean_center_header_left_menu":"","ocean_custom_header_template":"","ocean_custom_logo":0,"ocean_custom_retina_logo":0,"ocean_custom_logo_max_width":0,"ocean_custom_logo_tablet_max_width":0,"ocean_custom_logo_mobile_max_width":0,"ocean_custom_logo_max_height":0,"ocean_custom_logo_tablet_max_height":0,"ocean_custom_logo_mobile_max_height":0,"ocean_header_custom_menu":"","ocean_menu_typo_font_family":"","ocean_menu_typo_font_subset":"","ocean_menu_typo_font_size":0,"ocean_menu_typo_font_size_tablet":0,"ocean_menu_typo_font_size_mobile":0,"ocean_menu_typo_font_size_unit":"px","ocean_menu_typo_font_weight":"","ocean_menu_typo_font_weight_tablet":"","ocean_menu_typo_font_weight_mobile":"","ocean_menu_typo_transform":"","ocean_menu_typo_transform_tablet":"","ocean_menu_typo_transform_mobile":"","ocean_menu_typo_line_height":0,"ocean_menu_typo_line_height_tablet":0,"ocean_menu_typo_line_height_mobile":0,"ocean_menu_typo_line_height_unit":"","ocean_menu_typo_spacing":0,"ocean_menu_typo_spacing_tablet":0,"ocean_menu_typo_spacing_mobile":0,"ocean_menu_typo_spacing_unit":"","ocean_menu_link_color":"","ocean_menu_link_color_hover":"","ocean_menu_link_color_active":"","ocean_menu_link_background":"","ocean_menu_link_hover_background":"","ocean_menu_link_active_background":"","ocean_menu_social_links_bg":"","ocean_menu_social_hover_links_bg":"","ocean_menu_social_links_color":"","ocean_menu_social_hover_links_color":"","ocean_disable_title":"default","ocean_disable_heading":"default","ocean_post_title":"","ocean_post_subheading":"","ocean_post_title_style":"","ocean_post_title_background_color":"","ocean_post_title_background":0,"ocean_post_title_bg_image_position":"","ocean_post_title_bg_image_attachment":"","ocean_post_title_bg_image_repeat":"","ocean_post_title_bg_image_size":"","ocean_post_title_height":0,"ocean_post_title_bg_overlay":0.5,"ocean_post_title_bg_overlay_color":"","ocean_disable_breadcrumbs":"default","ocean_breadcrumbs_color":"","ocean_breadcrumbs_separator_color":"","ocean_breadcrumbs_links_color":"","ocean_breadcrumbs_links_hover_color":"","ocean_display_footer_widgets":"default","ocean_display_footer_bottom":"default","ocean_custom_footer_template":"","footnotes":""},"class_list":["post-11","page","type-page","status-publish","hentry","entry"],"yoast_head":"<!-- This site is optimized with the Yoast SEO plugin v22.7 - https:\/\/yoast.com\/wordpress\/plugins\/seo\/ -->\n<title>Conciergerie de luxe<\/title>\n<meta name=\"description\" content=\"Conciergerie sp\u00e9cialis\u00e9e dans le luxe et les \u00e9v\u00e8nements hauts de gamme.\" \/>\n<meta name=\"robots\" content=\"index, follow, max-snippet:-1, max-image-preview:large, max-video-preview:-1\" \/>\n<link rel=\"canonical\" href=\"https:\/\/titoun-agency.com\/\" \/>\n<meta property=\"og:locale\" content=\"fr_FR\" \/>\n<meta property=\"og:type\" content=\"article\" \/>\n<meta property=\"og:title\" content=\"Conciergerie de luxe\" \/>\n<meta property=\"og:description\" content=\"Conciergerie sp\u00e9cialis\u00e9e dans le luxe et les \u00e9v\u00e8nements hauts de gamme.\" \/>\n<meta property=\"og:url\" content=\"https:\/\/titoun-agency.com\/\" \/>\n<meta property=\"og:site_name\" content=\"TITOUN AGENCY\" \/>\n<meta property=\"article:modified_time\" content=\"2025-12-06T20:05:17+00:00\" \/>\n<meta property=\"og:image\" content=\"https:\/\/titoun-agency.com\/wp-content\/uploads\/2024\/05\/i33ibo1hwl-31899-600x600.jpg\" \/>\n<meta name=\"twitter:card\" content=\"summary_large_image\" \/>\n<meta name=\"twitter:label1\" content=\"Dur\u00e9e de lecture estim\u00e9e\" \/>\n\t<meta name=\"twitter:data1\" content=\"2 minutes\" \/>\n<script type=\"application\/ld+json\" class=\"yoast-schema-graph\">{\"@context\":\"https:\/\/schema.org\",\"@graph\":[{\"@type\":\"WebPage\",\"@id\":\"https:\/\/titoun-agency.com\/\",\"url\":\"https:\/\/titoun-agency.com\/\",\"name\":\"Conciergerie de luxe\",\"isPartOf\":{\"@id\":\"https:\/\/titoun-agency.com\/#website\"},\"primaryImageOfPage\":{\"@id\":\"https:\/\/titoun-agency.com\/#primaryimage\"},\"image\":{\"@id\":\"https:\/\/titoun-agency.com\/#primaryimage\"},\"thumbnailUrl\":\"https:\/\/titoun-agency.com\/wp-content\/uploads\/2024\/05\/i33ibo1hwl-31899-600x600.jpg\",\"datePublished\":\"2024-05-19T23:40:21+00:00\",\"dateModified\":\"2025-12-06T20:05:17+00:00\",\"description\":\"Conciergerie sp\u00e9cialis\u00e9e dans le luxe et les \u00e9v\u00e8nements hauts de gamme.\",\"breadcrumb\":{\"@id\":\"https:\/\/titoun-agency.com\/#breadcrumb\"},\"inLanguage\":\"fr-FR\",\"potentialAction\":[{\"@type\":\"ReadAction\",\"target\":[\"https:\/\/titoun-agency.com\/\"]}]},{\"@type\":\"ImageObject\",\"inLanguage\":\"fr-FR\",\"@id\":\"https:\/\/titoun-agency.com\/#primaryimage\",\"url\":\"https:\/\/titoun-agency.com\/wp-content\/uploads\/2024\/05\/i33ibo1hwl-31899.jpg\",\"contentUrl\":\"https:\/\/titoun-agency.com\/wp-content\/uploads\/2024\/05\/i33ibo1hwl-31899.jpg\",\"width\":800,\"height\":600},{\"@type\":\"BreadcrumbList\",\"@id\":\"https:\/\/titoun-agency.com\/#breadcrumb\",\"itemListElement\":[{\"@type\":\"ListItem\",\"position\":1,\"name\":\"Accueil\",\"item\":\"https:\/\/titoun-agency.com\/\"},{\"@type\":\"ListItem\",\"position\":2,\"name\":\"Accueil\"}]},{\"@type\":\"WebSite\",\"@id\":\"https:\/\/titoun-agency.com\/#website\",\"url\":\"https:\/\/titoun-agency.com\/\",\"name\":\"TITOUN AGENCY\",\"description\":\"\",\"publisher\":{\"@id\":\"https:\/\/titoun-agency.com\/#organization\"},\"potentialAction\":[{\"@type\":\"SearchAction\",\"target\":{\"@type\":\"EntryPoint\",\"urlTemplate\":\"https:\/\/titoun-agency.com\/?s={search_term_string}\"},\"query-input\":\"required name=search_term_string\"}],\"inLanguage\":\"fr-FR\"},{\"@type\":\"Organization\",\"@id\":\"https:\/\/titoun-agency.com\/#organization\",\"name\":\"TITOUN AGENCY\",\"url\":\"https:\/\/titoun-agency.com\/\",\"logo\":{\"@type\":\"ImageObject\",\"inLanguage\":\"fr-FR\",\"@id\":\"https:\/\/titoun-agency.com\/#\/schema\/logo\/image\/\",\"url\":\"https:\/\/titoun-agency.com\/wp-content\/uploads\/2024\/07\/cropped-Titoun-logo_Plan-de-travail-1-copie-13-1.png\",\"contentUrl\":\"https:\/\/titoun-agency.com\/wp-content\/uploads\/2024\/07\/cropped-Titoun-logo_Plan-de-travail-1-copie-13-1.png\",\"width\":4500,\"height\":4500,\"caption\":\"TITOUN AGENCY\"},\"image\":{\"@id\":\"https:\/\/titoun-agency.com\/#\/schema\/logo\/image\/\"}}]}<\/script>\n<!-- \/ Yoast SEO plugin. -->","yoast_head_json":{"title":"Conciergerie de luxe","description":"Conciergerie sp\u00e9cialis\u00e9e dans le luxe et les \u00e9v\u00e8nements hauts de gamme.","robots":{"index":"index","follow":"follow","max-snippet":"max-snippet:-1","max-image-preview":"max-image-preview:large","max-video-preview":"max-video-preview:-1"},"canonical":"https:\/\/titoun-agency.com\/","og_locale":"fr_FR","og_type":"article","og_title":"Conciergerie de luxe","og_description":"Conciergerie sp\u00e9cialis\u00e9e dans le luxe et les \u00e9v\u00e8nements hauts de gamme.","og_url":"https:\/\/titoun-agency.com\/","og_site_name":"TITOUN AGENCY","article_modified_time":"2025-12-06T20:05:17+00:00","og_image":[{"url":"https:\/\/titoun-agency.com\/wp-content\/uploads\/2024\/05\/i33ibo1hwl-31899-600x600.jpg"}],"twitter_card":"summary_large_image","twitter_misc":{"Dur\u00e9e de lecture estim\u00e9e":"2 minutes"},"schema":{"@context":"https:\/\/schema.org","@graph":[{"@type":"WebPage","@id":"https:\/\/titoun-agency.com\/","url":"https:\/\/titoun-agency.com\/","name":"Conciergerie de luxe","isPartOf":{"@id":"https:\/\/titoun-agency.com\/#website"},"primaryImageOfPage":{"@id":"https:\/\/titoun-agency.com\/#primaryimage"},"image":{"@id":"https:\/\/titoun-agency.com\/#primaryimage"},"thumbnailUrl":"https:\/\/titoun-agency.com\/wp-content\/uploads\/2024\/05\/i33ibo1hwl-31899-600x600.jpg","datePublished":"2024-05-19T23:40:21+00:00","dateModified":"2025-12-06T20:05:17+00:00","description":"Conciergerie sp\u00e9cialis\u00e9e dans le luxe et les \u00e9v\u00e8nements hauts de gamme.","breadcrumb":{"@id":"https:\/\/titoun-agency.com\/#breadcrumb"},"inLanguage":"fr-FR","potentialAction":[{"@type":"ReadAction","target":["https:\/\/titoun-agency.com\/"]}]},{"@type":"ImageObject","inLanguage":"fr-FR","@id":"https:\/\/titoun-agency.com\/#primaryimage","url":"https:\/\/titoun-agency.com\/wp-content\/uploads\/2024\/05\/i33ibo1hwl-31899.jpg","contentUrl":"https:\/\/titoun-agency.com\/wp-content\/uploads\/2024\/05\/i33ibo1hwl-31899.jpg","width":800,"height":600},{"@type":"BreadcrumbList","@id":"https:\/\/titoun-agency.com\/#breadcrumb","itemListElement":[{"@type":"ListItem","position":1,"name":"Accueil","item":"https:\/\/titoun-agency.com\/"},{"@type":"ListItem","position":2,"name":"Accueil"}]},{"@type":"WebSite","@id":"https:\/\/titoun-agency.com\/#website","url":"https:\/\/titoun-agency.com\/","name":"TITOUN AGENCY","description":"","publisher":{"@id":"https:\/\/titoun-agency.com\/#organization"},"potentialAction":[{"@type":"SearchAction","target":{"@type":"EntryPoint","urlTemplate":"https:\/\/titoun-agency.com\/?s={search_term_string}"},"query-input":"required name=search_term_string"}],"inLanguage":"fr-FR"},{"@type":"Organization","@id":"https:\/\/titoun-agency.com\/#organization","name":"TITOUN AGENCY","url":"https:\/\/titoun-agency.com\/","logo":{"@type":"ImageObject","inLanguage":"fr-FR","@id":"https:\/\/titoun-agency.com\/#\/schema\/logo\/image\/","url":"https:\/\/titoun-agency.com\/wp-content\/uploads\/2024\/07\/cropped-Titoun-logo_Plan-de-travail-1-copie-13-1.png","contentUrl":"https:\/\/titoun-agency.com\/wp-content\/uploads\/2024\/07\/cropped-Titoun-logo_Plan-de-travail-1-copie-13-1.png","width":4500,"height":4500,"caption":"TITOUN AGENCY"},"image":{"@id":"https:\/\/titoun-agency.com\/#\/schema\/logo\/image\/"}}]}},"_links":{"self":[{"href":"https:\/\/titoun-agency.com\/index.php?rest_route=\/wp\/v2\/pages\/11","targetHints":{"allow":["GET"]}}],"collection":[{"href":"https:\/\/titoun-agency.com\/index.php?rest_route=\/wp\/v2\/pages"}],"about":[{"href":"https:\/\/titoun-agency.com\/index.php?rest_route=\/wp\/v2\/types\/page"}],"author":[{"embeddable":true,"href":"https:\/\/titoun-agency.com\/index.php?rest_route=\/wp\/v2\/users\/1"}],"replies":[{"embeddable":true,"href":"https:\/\/titoun-agency.com\/index.php?rest_route=%2Fwp%2Fv2%2Fcomments&post=11"}],"version-history":[{"count":100,"href":"https:\/\/titoun-agency.com\/index.php?rest_route=\/wp\/v2\/pages\/11\/revisions"}],"predecessor-version":[{"id":297,"href":"https:\/\/titoun-agency.com\/index.php?rest_route=\/wp\/v2\/pages\/11\/revisions\/297"}],"wp:attachment":[{"href":"https:\/\/titoun-agency.com\/index.php?rest_route=%2Fwp%2Fv2%2Fmedia&parent=11"}],"curies":[{"name":"wp","href":"https:\/\/api.w.org\/{rel}","templated":true}]}}