{"id":18,"date":"2024-05-20T01:41:51","date_gmt":"2024-05-19T23:41:51","guid":{"rendered":"https:\/\/titoun-agency.com\/?page_id=18"},"modified":"2024-06-21T01:45:49","modified_gmt":"2024-06-20T23:45:49","slug":"a-propos","status":"publish","type":"page","link":"https:\/\/titoun-agency.com\/?page_id=18","title":{"rendered":"A propos"},"content":{"rendered":"\t\t<div data-elementor-type=\"wp-page\" data-elementor-id=\"18\" class=\"elementor elementor-18\">\n\t\t\t\t<div class=\"elementor-element elementor-element-8c5ff5c e-flex e-con-boxed e-con e-parent\" data-id=\"8c5ff5c\" data-element_type=\"container\">\n\t\t\t\t\t<div class=\"e-con-inner\">\n\t\t\t\t<div class=\"elementor-element elementor-element-a477e5a elementor-widget elementor-widget-text-editor\" data-id=\"a477e5a\" data-element_type=\"widget\" data-widget_type=\"text-editor.default\">\n\t\t\t\t<div class=\"elementor-widget-container\">\n\t\t\t\t\t\t\t\t\t<p>Bienvenue dans notre conciergerie de luxe, o\u00f9 chaque d\u00e9tail est pens\u00e9 pour surpasser vos attentes. Nous offrons une gamme de services personnalis\u00e9s et exclusifs, allant de l&rsquo;h\u00e9bergement au transport sur mesure en passant par l&rsquo;\u00e9v\u00e8nementiel. Notre mission est de transformer chaque demande en une exp\u00e9rience unique et m\u00e9morable. Faites confiance \u00e0 notre expertise et \u00e0 notre r\u00e9seau pour satisfaire vos d\u00e9sirs les plus raffin\u00e9s. Avec notre conciergerie, aucune de vos demande n&rsquo;a de limite.<\/p>\t\t\t\t\t\t\t\t<\/div>\n\t\t\t\t<\/div>\n\t\t\t\t\t<\/div>\n\t\t\t\t<\/div>\n\t\t<div class=\"elementor-element elementor-element-2b6a841 e-flex e-con-boxed e-con e-parent\" data-id=\"2b6a841\" data-element_type=\"container\">\n\t\t\t\t\t<div class=\"e-con-inner\">\n\t\t\t\t<div class=\"elementor-element elementor-element-487a0ef elementor-widget-divider--view-line elementor-widget elementor-widget-divider\" data-id=\"487a0ef\" data-element_type=\"widget\" data-widget_type=\"divider.default\">\n\t\t\t\t<div class=\"elementor-widget-container\">\n\t\t\t\t\t\t\t<div class=\"elementor-divider\">\n\t\t\t<span class=\"elementor-divider-separator\">\n\t\t\t\t\t\t<\/span>\n\t\t<\/div>\n\t\t\t\t\t\t<\/div>\n\t\t\t\t<\/div>\n\t\t\t\t\t<\/div>\n\t\t\t\t<\/div>\n\t\t<div class=\"elementor-element elementor-element-89a7f73 e-flex e-con-boxed e-con e-parent\" data-id=\"89a7f73\" data-element_type=\"container\">\n\t\t\t\t\t<div class=\"e-con-inner\">\n\t\t\t\t<div class=\"elementor-element elementor-element-4be7f03 elementor-widget elementor-widget-text-editor\" data-id=\"4be7f03\" data-element_type=\"widget\" data-widget_type=\"text-editor.default\">\n\t\t\t\t<div class=\"elementor-widget-container\">\n\t\t\t\t\t\t\t\t\t<p><strong>Mentions l\u00e9gales :<\/strong><\/p><ul><li><strong>Nom de l&rsquo;entreprise<\/strong> : [Nom de l&rsquo;entreprise]<\/li><li><strong>Forme juridique<\/strong> : [Forme juridique]<\/li><li><strong>Adresse du si\u00e8ge social<\/strong> : [Adresse]<\/li><li><strong>Num\u00e9ro SIRET\/SIREN<\/strong> : [Num\u00e9ro]<\/li><li><strong>Capital social<\/strong> : [Montant]<\/li><li><strong>Directeur de publication<\/strong> : [Nom]<\/li><li><strong>Coordonn\u00e9es<\/strong> : [T\u00e9l\u00e9phone, Email]<\/li><\/ul>\t\t\t\t\t\t\t\t<\/div>\n\t\t\t\t<\/div>\n\t\t\t\t\t<\/div>\n\t\t\t\t<\/div>\n\t\t\t\t<\/div>\n\t\t","protected":false},"excerpt":{"rendered":"<p>Bienvenue dans notre conciergerie de luxe, o\u00f9 chaque d\u00e9tail est pens\u00e9 pour surpasser vos attentes. Nous offrons une gamme de services personnalis\u00e9s et exclusifs, allant de l&rsquo;h\u00e9bergement au transport sur mesure en passant par l&rsquo;\u00e9v\u00e8nementiel. Notre mission est de transformer chaque demande en une exp\u00e9rience unique et m\u00e9morable. Faites confiance \u00e0 notre expertise et \u00e0 [&hellip;]<\/p>\n","protected":false},"author":1,"featured_media":0,"parent":0,"menu_order":0,"comment_status":"closed","ping_status":"closed","template":"","meta":{"ocean_post_layout":"","ocean_both_sidebars_style":"","ocean_both_sidebars_content_width":0,"ocean_both_sidebars_sidebars_width":0,"ocean_sidebar":"","ocean_second_sidebar":"","ocean_disable_margins":"enable","ocean_add_body_class":"","ocean_shortcode_before_top_bar":"","ocean_shortcode_after_top_bar":"","ocean_shortcode_before_header":"","ocean_shortcode_after_header":"","ocean_has_shortcode":"","ocean_shortcode_after_title":"","ocean_shortcode_before_footer_widgets":"","ocean_shortcode_after_footer_widgets":"","ocean_shortcode_before_footer_bottom":"","ocean_shortcode_after_footer_bottom":"","ocean_display_top_bar":"default","ocean_display_header":"default","ocean_header_style":"","ocean_center_header_left_menu":"","ocean_custom_header_template":"","ocean_custom_logo":0,"ocean_custom_retina_logo":0,"ocean_custom_logo_max_width":0,"ocean_custom_logo_tablet_max_width":0,"ocean_custom_logo_mobile_max_width":0,"ocean_custom_logo_max_height":0,"ocean_custom_logo_tablet_max_height":0,"ocean_custom_logo_mobile_max_height":0,"ocean_header_custom_menu":"","ocean_menu_typo_font_family":"","ocean_menu_typo_font_subset":"","ocean_menu_typo_font_size":0,"ocean_menu_typo_font_size_tablet":0,"ocean_menu_typo_font_size_mobile":0,"ocean_menu_typo_font_size_unit":"px","ocean_menu_typo_font_weight":"","ocean_menu_typo_font_weight_tablet":"","ocean_menu_typo_font_weight_mobile":"","ocean_menu_typo_transform":"","ocean_menu_typo_transform_tablet":"","ocean_menu_typo_transform_mobile":"","ocean_menu_typo_line_height":0,"ocean_menu_typo_line_height_tablet":0,"ocean_menu_typo_line_height_mobile":0,"ocean_menu_typo_line_height_unit":"","ocean_menu_typo_spacing":0,"ocean_menu_typo_spacing_tablet":0,"ocean_menu_typo_spacing_mobile":0,"ocean_menu_typo_spacing_unit":"","ocean_menu_link_color":"","ocean_menu_link_color_hover":"","ocean_menu_link_color_active":"","ocean_menu_link_background":"","ocean_menu_link_hover_background":"","ocean_menu_link_active_background":"","ocean_menu_social_links_bg":"","ocean_menu_social_hover_links_bg":"","ocean_menu_social_links_color":"","ocean_menu_social_hover_links_color":"","ocean_disable_title":"default","ocean_disable_heading":"default","ocean_post_title":"","ocean_post_subheading":"","ocean_post_title_style":"","ocean_post_title_background_color":"","ocean_post_title_background":0,"ocean_post_title_bg_image_position":"","ocean_post_title_bg_image_attachment":"","ocean_post_title_bg_image_repeat":"","ocean_post_title_bg_image_size":"","ocean_post_title_height":0,"ocean_post_title_bg_overlay":0.5,"ocean_post_title_bg_overlay_color":"","ocean_disable_breadcrumbs":"default","ocean_breadcrumbs_color":"","ocean_breadcrumbs_separator_color":"","ocean_breadcrumbs_links_color":"","ocean_breadcrumbs_links_hover_color":"","ocean_display_footer_widgets":"default","ocean_display_footer_bottom":"default","ocean_custom_footer_template":"","footnotes":""},"class_list":["post-18","page","type-page","status-publish","hentry","entry"],"yoast_head":"<!-- This site is optimized with the Yoast SEO plugin v22.7 - https:\/\/yoast.com\/wordpress\/plugins\/seo\/ -->\n<title>A propos - TITOUN AGENCY<\/title>\n<meta name=\"robots\" content=\"index, follow, max-snippet:-1, max-image-preview:large, max-video-preview:-1\" \/>\n<link rel=\"canonical\" href=\"https:\/\/titoun-agency.com\/?page_id=18\" \/>\n<meta property=\"og:locale\" content=\"fr_FR\" \/>\n<meta property=\"og:type\" content=\"article\" \/>\n<meta property=\"og:title\" content=\"A propos - TITOUN AGENCY\" \/>\n<meta property=\"og:description\" content=\"Bienvenue dans notre conciergerie de luxe, o\u00f9 chaque d\u00e9tail est pens\u00e9 pour surpasser vos attentes. Nous offrons une gamme de services personnalis\u00e9s et exclusifs, allant de l&rsquo;h\u00e9bergement au transport sur mesure en passant par l&rsquo;\u00e9v\u00e8nementiel. Notre mission est de transformer chaque demande en une exp\u00e9rience unique et m\u00e9morable. Faites confiance \u00e0 notre expertise et \u00e0 [&hellip;]\" \/>\n<meta property=\"og:url\" content=\"https:\/\/titoun-agency.com\/?page_id=18\" \/>\n<meta property=\"og:site_name\" content=\"TITOUN AGENCY\" \/>\n<meta property=\"article:modified_time\" content=\"2024-06-20T23:45:49+00:00\" \/>\n<meta name=\"twitter:card\" content=\"summary_large_image\" \/>\n<meta name=\"twitter:label1\" content=\"Dur\u00e9e de lecture estim\u00e9e\" \/>\n\t<meta name=\"twitter:data1\" content=\"1 minute\" \/>\n<script type=\"application\/ld+json\" class=\"yoast-schema-graph\">{\"@context\":\"https:\/\/schema.org\",\"@graph\":[{\"@type\":\"WebPage\",\"@id\":\"https:\/\/titoun-agency.com\/?page_id=18\",\"url\":\"https:\/\/titoun-agency.com\/?page_id=18\",\"name\":\"A propos - TITOUN AGENCY\",\"isPartOf\":{\"@id\":\"https:\/\/titoun-agency.com\/#website\"},\"datePublished\":\"2024-05-19T23:41:51+00:00\",\"dateModified\":\"2024-06-20T23:45:49+00:00\",\"breadcrumb\":{\"@id\":\"https:\/\/titoun-agency.com\/?page_id=18#breadcrumb\"},\"inLanguage\":\"fr-FR\",\"potentialAction\":[{\"@type\":\"ReadAction\",\"target\":[\"https:\/\/titoun-agency.com\/?page_id=18\"]}]},{\"@type\":\"BreadcrumbList\",\"@id\":\"https:\/\/titoun-agency.com\/?page_id=18#breadcrumb\",\"itemListElement\":[{\"@type\":\"ListItem\",\"position\":1,\"name\":\"Accueil\",\"item\":\"https:\/\/titoun-agency.com\/\"},{\"@type\":\"ListItem\",\"position\":2,\"name\":\"A propos\"}]},{\"@type\":\"WebSite\",\"@id\":\"https:\/\/titoun-agency.com\/#website\",\"url\":\"https:\/\/titoun-agency.com\/\",\"name\":\"TITOUN AGENCY\",\"description\":\"\",\"publisher\":{\"@id\":\"https:\/\/titoun-agency.com\/#organization\"},\"potentialAction\":[{\"@type\":\"SearchAction\",\"target\":{\"@type\":\"EntryPoint\",\"urlTemplate\":\"https:\/\/titoun-agency.com\/?s={search_term_string}\"},\"query-input\":\"required name=search_term_string\"}],\"inLanguage\":\"fr-FR\"},{\"@type\":\"Organization\",\"@id\":\"https:\/\/titoun-agency.com\/#organization\",\"name\":\"TITOUN AGENCY\",\"url\":\"https:\/\/titoun-agency.com\/\",\"logo\":{\"@type\":\"ImageObject\",\"inLanguage\":\"fr-FR\",\"@id\":\"https:\/\/titoun-agency.com\/#\/schema\/logo\/image\/\",\"url\":\"https:\/\/titoun-agency.com\/wp-content\/uploads\/2024\/07\/cropped-Titoun-logo_Plan-de-travail-1-copie-13-1.png\",\"contentUrl\":\"https:\/\/titoun-agency.com\/wp-content\/uploads\/2024\/07\/cropped-Titoun-logo_Plan-de-travail-1-copie-13-1.png\",\"width\":4500,\"height\":4500,\"caption\":\"TITOUN AGENCY\"},\"image\":{\"@id\":\"https:\/\/titoun-agency.com\/#\/schema\/logo\/image\/\"}}]}<\/script>\n<!-- \/ Yoast SEO plugin. -->","yoast_head_json":{"title":"A propos - TITOUN AGENCY","robots":{"index":"index","follow":"follow","max-snippet":"max-snippet:-1","max-image-preview":"max-image-preview:large","max-video-preview":"max-video-preview:-1"},"canonical":"https:\/\/titoun-agency.com\/?page_id=18","og_locale":"fr_FR","og_type":"article","og_title":"A propos - TITOUN AGENCY","og_description":"Bienvenue dans notre conciergerie de luxe, o\u00f9 chaque d\u00e9tail est pens\u00e9 pour surpasser vos attentes. Nous offrons une gamme de services personnalis\u00e9s et exclusifs, allant de l&rsquo;h\u00e9bergement au transport sur mesure en passant par l&rsquo;\u00e9v\u00e8nementiel. Notre mission est de transformer chaque demande en une exp\u00e9rience unique et m\u00e9morable. Faites confiance \u00e0 notre expertise et \u00e0 [&hellip;]","og_url":"https:\/\/titoun-agency.com\/?page_id=18","og_site_name":"TITOUN AGENCY","article_modified_time":"2024-06-20T23:45:49+00:00","twitter_card":"summary_large_image","twitter_misc":{"Dur\u00e9e de lecture estim\u00e9e":"1 minute"},"schema":{"@context":"https:\/\/schema.org","@graph":[{"@type":"WebPage","@id":"https:\/\/titoun-agency.com\/?page_id=18","url":"https:\/\/titoun-agency.com\/?page_id=18","name":"A propos - TITOUN AGENCY","isPartOf":{"@id":"https:\/\/titoun-agency.com\/#website"},"datePublished":"2024-05-19T23:41:51+00:00","dateModified":"2024-06-20T23:45:49+00:00","breadcrumb":{"@id":"https:\/\/titoun-agency.com\/?page_id=18#breadcrumb"},"inLanguage":"fr-FR","potentialAction":[{"@type":"ReadAction","target":["https:\/\/titoun-agency.com\/?page_id=18"]}]},{"@type":"BreadcrumbList","@id":"https:\/\/titoun-agency.com\/?page_id=18#breadcrumb","itemListElement":[{"@type":"ListItem","position":1,"name":"Accueil","item":"https:\/\/titoun-agency.com\/"},{"@type":"ListItem","position":2,"name":"A propos"}]},{"@type":"WebSite","@id":"https:\/\/titoun-agency.com\/#website","url":"https:\/\/titoun-agency.com\/","name":"TITOUN AGENCY","description":"","publisher":{"@id":"https:\/\/titoun-agency.com\/#organization"},"potentialAction":[{"@type":"SearchAction","target":{"@type":"EntryPoint","urlTemplate":"https:\/\/titoun-agency.com\/?s={search_term_string}"},"query-input":"required name=search_term_string"}],"inLanguage":"fr-FR"},{"@type":"Organization","@id":"https:\/\/titoun-agency.com\/#organization","name":"TITOUN AGENCY","url":"https:\/\/titoun-agency.com\/","logo":{"@type":"ImageObject","inLanguage":"fr-FR","@id":"https:\/\/titoun-agency.com\/#\/schema\/logo\/image\/","url":"https:\/\/titoun-agency.com\/wp-content\/uploads\/2024\/07\/cropped-Titoun-logo_Plan-de-travail-1-copie-13-1.png","contentUrl":"https:\/\/titoun-agency.com\/wp-content\/uploads\/2024\/07\/cropped-Titoun-logo_Plan-de-travail-1-copie-13-1.png","width":4500,"height":4500,"caption":"TITOUN AGENCY"},"image":{"@id":"https:\/\/titoun-agency.com\/#\/schema\/logo\/image\/"}}]}},"_links":{"self":[{"href":"https:\/\/titoun-agency.com\/index.php?rest_route=\/wp\/v2\/pages\/18","targetHints":{"allow":["GET"]}}],"collection":[{"href":"https:\/\/titoun-agency.com\/index.php?rest_route=\/wp\/v2\/pages"}],"about":[{"href":"https:\/\/titoun-agency.com\/index.php?rest_route=\/wp\/v2\/types\/page"}],"author":[{"embeddable":true,"href":"https:\/\/titoun-agency.com\/index.php?rest_route=\/wp\/v2\/users\/1"}],"replies":[{"embeddable":true,"href":"https:\/\/titoun-agency.com\/index.php?rest_route=%2Fwp%2Fv2%2Fcomments&post=18"}],"version-history":[{"count":4,"href":"https:\/\/titoun-agency.com\/index.php?rest_route=\/wp\/v2\/pages\/18\/revisions"}],"predecessor-version":[{"id":223,"href":"https:\/\/titoun-agency.com\/index.php?rest_route=\/wp\/v2\/pages\/18\/revisions\/223"}],"wp:attachment":[{"href":"https:\/\/titoun-agency.com\/index.php?rest_route=%2Fwp%2Fv2%2Fmedia&parent=18"}],"curies":[{"name":"wp","href":"https:\/\/api.w.org\/{rel}","templated":true}]}}